{"id":24374,"date":"2024-01-17T16:32:31","date_gmt":"2024-01-17T16:32:31","guid":{"rendered":"https:\/\/epeakstudio.com\/a-propos-de\/convictions-et-valeurs\/politique-de-responsabilite-sociale-des-entreprises\/"},"modified":"2024-10-30T13:31:35","modified_gmt":"2024-10-30T13:31:35","slug":"politique-de-responsabilite-sociale-des-entreprises","status":"publish","type":"page","link":"https:\/\/epeakstudio.com\/fr\/a-propos-de\/convictions-et-valeurs\/politique-de-responsabilite-sociale-des-entreprises\/","title":{"rendered":"Politique de responsabilit\u00e9 sociale des entreprises"},"content":{"rendered":"\t\t<div data-elementor-type=\"wp-page\" data-elementor-id=\"24374\" class=\"elementor elementor-24374 elementor-287\" data-elementor-post-type=\"page\">\n\t\t\t\t<div class=\"elementor-element elementor-element-9cedadf e-flex e-con-boxed e-con e-parent\" data-id=\"9cedadf\" data-element_type=\"container\" data-e-type=\"container\">\n\t\t\t\t\t<div class=\"e-con-inner\">\n\t\t\t\t<div class=\"elementor-element elementor-element-1561a74 elementor-widget elementor-widget-spacer\" data-id=\"1561a74\" data-element_type=\"widget\" data-e-type=\"widget\" data-widget_type=\"spacer.default\">\n\t\t\t\t\t\t\t<div class=\"elementor-spacer\">\n\t\t\t<div class=\"elementor-spacer-inner\"><\/div>\n\t\t<\/div>\n\t\t\t\t\t\t<\/div>\n\t\t\t\t<div class=\"elementor-element elementor-element-f0f0ba0 elementor-widget elementor-widget-heading\" data-id=\"f0f0ba0\" data-element_type=\"widget\" data-e-type=\"widget\" data-widget_type=\"heading.default\">\n\t\t\t\t\t<h1 class=\"elementor-heading-title elementor-size-default\">Responsabilit\u00e9 sociale des entreprises<\/h1>\t\t\t\t<\/div>\n\t\t\t\t<div class=\"elementor-element elementor-element-a3c4549 elementor-widget elementor-widget-spacer\" data-id=\"a3c4549\" data-element_type=\"widget\" data-e-type=\"widget\" data-widget_type=\"spacer.default\">\n\t\t\t\t\t\t\t<div class=\"elementor-spacer\">\n\t\t\t<div class=\"elementor-spacer-inner\"><\/div>\n\t\t<\/div>\n\t\t\t\t\t\t<\/div>\n\t\t\t\t<div class=\"elementor-element elementor-element-97f23dc elementor-widget elementor-widget-text-editor\" data-id=\"97f23dc\" data-element_type=\"widget\" data-e-type=\"widget\" data-widget_type=\"text-editor.default\">\n\t\t\t\t\t\t\t\t\t<p>Bienvenue sur la page de la politique de responsabilit\u00e9 sociale des entreprises (RSE) d&rsquo;EPEAK Studio.<\/p>\n<p>Chez EPEAK Studio, nous pensons que nos responsabilit\u00e9s vont au-del\u00e0 de nos produits et services.<\/p>\n<p>Nous nous engageons \u00e0 avoir un impact positif sur la soci\u00e9t\u00e9 et l&rsquo;environnement par le biais de nos activit\u00e9s et de nos pratiques commerciales.<\/p>\n<p>Notre politique en mati\u00e8re de RSE refl\u00e8te notre volont\u00e9 d&rsquo;\u00eatre une entreprise citoyenne responsable et de contribuer au d\u00e9veloppement durable.<\/p>\n\t\t\t\t\t\t\t\t<\/div>\n\t\t\t\t<div class=\"elementor-element elementor-element-73b4511 elementor-widget elementor-widget-heading\" data-id=\"73b4511\" data-element_type=\"widget\" data-e-type=\"widget\" data-widget_type=\"heading.default\">\n\t\t\t\t\t<h2 class=\"elementor-heading-title elementor-size-default\">Nos engagements<\/h2>\t\t\t\t<\/div>\n\t\t\t\t<div class=\"elementor-element elementor-element-264d744 elementor-widget elementor-widget-text-editor\" data-id=\"264d744\" data-element_type=\"widget\" data-e-type=\"widget\" data-widget_type=\"text-editor.default\">\n\t\t\t\t\t\t\t\t\t<ol>\n<li>\n<p><strong>Durabilit\u00e9 environnementale<\/strong>: Nous reconnaissons l&rsquo;importance de la pr\u00e9servation de l&rsquo;environnement et nous nous engageons \u00e0 minimiser notre empreinte \u00e9cologique.<br \/>\nCela comprend la r\u00e9duction de la consommation d&rsquo;\u00e9nergie, la conservation des ressources en eau, la minimisation de la production de d\u00e9chets et la promotion d&rsquo;initiatives de recyclage et de r\u00e9utilisation dans l&rsquo;ensemble de nos activit\u00e9s. <\/p>\n<\/li>\n<li>\n<p><strong>Pratiques commerciales \u00e9thiques<\/strong>: L&rsquo;int\u00e9grit\u00e9 et le comportement \u00e9thique sont des \u00e9l\u00e9ments fondamentaux de notre philosophie d&rsquo;entreprise.<br \/>\nNous respectons les normes les plus strictes en mati\u00e8re d&rsquo;honn\u00eatet\u00e9, de transparence et de responsabilit\u00e9 dans toutes nos transactions.<br \/>\nNous nous engageons \u00e0 respecter toutes les lois et r\u00e9glementations applicables et \u00e0 promouvoir une culture de conduite \u00e9thique parmi nos employ\u00e9s et nos partenaires commerciaux.  <\/p>\n<\/li>\n<li>\n<p><strong>Engagement communautaire<\/strong>: Nous sommes d\u00e9termin\u00e9s \u00e0 soutenir les communaut\u00e9s au sein desquelles nous op\u00e9rons.<br \/>\nPar le biais de diverses initiatives, telles que le b\u00e9n\u00e9volat, les dons caritatifs et les projets de d\u00e9veloppement communautaire, nous souhaitons faire une diff\u00e9rence positive et am\u00e9liorer la qualit\u00e9 de vie des personnes et des familles dans le besoin. <\/p>\n<\/li>\n<li>\n<p><strong>Diversit\u00e9 et inclusion<\/strong>: Nous valorisons la diversit\u00e9 et nous nous effor\u00e7ons de cr\u00e9er un environnement de travail inclusif o\u00f9 tous les employ\u00e9s se sentent respect\u00e9s, valoris\u00e9s et habilit\u00e9s \u00e0 apporter leurs perspectives et leurs talents uniques.<br \/>\nNous nous engageons \u00e0 promouvoir la diversit\u00e9 et l&rsquo;inclusion au sein de notre personnel et dans l&rsquo;ensemble de nos pratiques commerciales. <\/p>\n<\/li>\n<li>\n<p>Le <strong>bien-\u00eatre des employ\u00e9s<\/strong>: La sant\u00e9, la s\u00e9curit\u00e9 et le bien-\u00eatre de nos employ\u00e9s sont primordiaux.<br \/>\nNous nous engageons \u00e0 fournir un environnement de travail s\u00fbr et favorable o\u00f9 les employ\u00e9s peuvent s&rsquo;\u00e9panouir sur le plan professionnel et personnel.<br \/>\nNous proposons des ressources et des programmes visant \u00e0 promouvoir le bien-\u00eatre physique et mental et \u00e0 maintenir un bon \u00e9quilibre entre vie professionnelle et vie priv\u00e9e.  <\/p>\n<\/li>\n<li>\n<p><strong>Relations avec les fournisseurs<\/strong>: Nous croyons en la n\u00e9cessit\u00e9 de favoriser des relations mutuellement b\u00e9n\u00e9fiques avec nos fournisseurs, fond\u00e9es sur l&rsquo;\u00e9quit\u00e9, la transparence et le respect.<br \/>\nNous cherchons \u00e0 travailler avec des fournisseurs qui partagent notre engagement en mati\u00e8re de pratiques commerciales \u00e9thiques, de d\u00e9veloppement durable et de responsabilit\u00e9 sociale. <\/p>\n<\/li>\n<\/ol>\n\t\t\t\t\t\t\t\t<\/div>\n\t\t\t\t<div class=\"elementor-element elementor-element-19fe84e elementor-widget elementor-widget-heading\" data-id=\"19fe84e\" data-element_type=\"widget\" data-e-type=\"widget\" data-widget_type=\"heading.default\">\n\t\t\t\t\t<h2 class=\"elementor-heading-title elementor-size-default\">Mesurer notre impact<\/h2>\t\t\t\t<\/div>\n\t\t\t\t<div class=\"elementor-element elementor-element-6e529b2 elementor-widget elementor-widget-text-editor\" data-id=\"6e529b2\" data-element_type=\"widget\" data-e-type=\"widget\" data-widget_type=\"text-editor.default\">\n\t\t\t\t\t\t\t\t\t<p>Nous reconnaissons l&rsquo;importance du suivi et de l&rsquo;\u00e9valuation de nos initiatives en mati\u00e8re de RSE afin de garantir leur efficacit\u00e9 et d&rsquo;identifier les domaines \u00e0 am\u00e9liorer.<br \/>\nGr\u00e2ce \u00e0 des \u00e9valuations et \u00e0 des rapports r\u00e9guliers, nous souhaitons communiquer nos progr\u00e8s de mani\u00e8re transparente et rendre des comptes \u00e0 nos parties prenantes. <\/p>\n\t\t\t\t\t\t\t\t<\/div>\n\t\t\t\t<div class=\"elementor-element elementor-element-6aa04b8 elementor-widget elementor-widget-heading\" data-id=\"6aa04b8\" data-element_type=\"widget\" data-e-type=\"widget\" data-widget_type=\"heading.default\">\n\t\t\t\t\t<h2 class=\"elementor-heading-title elementor-size-default\">Participez<\/h2>\t\t\t\t<\/div>\n\t\t\t\t<div class=\"elementor-element elementor-element-dd536e4 elementor-widget elementor-widget-text-editor\" data-id=\"dd536e4\" data-element_type=\"widget\" data-e-type=\"widget\" data-widget_type=\"text-editor.default\">\n\t\t\t\t\t\t\t\t\t<p>Nous encourageons nos employ\u00e9s, nos clients et nos partenaires \u00e0 nous rejoindre dans nos efforts de RSE.<br \/>\nQue ce soit en faisant du b\u00e9n\u00e9volat, en soutenant des causes caritatives ou en adoptant des pratiques durables dans votre vie quotidienne, ensemble, nous pouvons faire une diff\u00e9rence significative dans nos communaut\u00e9s et dans le monde. <\/p>\n\t\t\t\t\t\t\t\t<\/div>\n\t\t\t\t<div class=\"elementor-element elementor-element-423a708 elementor-widget elementor-widget-heading\" data-id=\"423a708\" data-element_type=\"widget\" data-e-type=\"widget\" data-widget_type=\"heading.default\">\n\t\t\t\t\t<h2 class=\"elementor-heading-title elementor-size-default\">Nous contacter<\/h2>\t\t\t\t<\/div>\n\t\t\t\t<div class=\"elementor-element elementor-element-41eaa7a elementor-widget elementor-widget-text-editor\" data-id=\"41eaa7a\" data-element_type=\"widget\" data-e-type=\"widget\" data-widget_type=\"text-editor.default\">\n\t\t\t\t\t\t\t\t\t<p>Si vous avez des questions, des suggestions ou des commentaires concernant notre politique ou nos initiatives en mati\u00e8re de RSE, n&rsquo;h\u00e9sitez pas \u00e0 nous contacter.<br \/>\nNous appr\u00e9cions votre contribution et nous nous engageons \u00e0 am\u00e9liorer continuellement nos efforts en mati\u00e8re de RSE. <\/p>\n<p>Nous vous remercions de l&rsquo;int\u00e9r\u00eat que vous portez \u00e0 la responsabilit\u00e9 sociale d&rsquo;entreprise d&rsquo;EPEAK Studio.<\/p>\n<p>Ensemble, cr\u00e9ons un avenir plus lumineux et plus durable pour tous.<\/p>\n\t\t\t\t\t\t\t\t<\/div>\n\t\t\t\t<div class=\"elementor-element elementor-element-ca2b758 elementor-widget elementor-widget-spacer\" data-id=\"ca2b758\" data-element_type=\"widget\" data-e-type=\"widget\" data-widget_type=\"spacer.default\">\n\t\t\t\t\t\t\t<div class=\"elementor-spacer\">\n\t\t\t<div class=\"elementor-spacer-inner\"><\/div>\n\t\t<\/div>\n\t\t\t\t\t\t<\/div>\n\t\t\t\t\t<\/div>\n\t\t\t\t<\/div>\n\t\t\t\t<\/div>\n\t\t","protected":false},"excerpt":{"rendered":"<p>Responsabilit\u00e9 sociale des entreprises Bienvenue sur la page de la politique de responsabilit\u00e9 sociale des entreprises (RSE) d&rsquo;EPEAK Studio. Chez EPEAK Studio, nous pensons que nos responsabilit\u00e9s vont au-del\u00e0 de nos produits et services. Nous nous engageons \u00e0 avoir un impact positif sur la soci\u00e9t\u00e9 et l&rsquo;environnement par le biais de nos activit\u00e9s et de [&hellip;]<\/p>\n","protected":false},"author":1,"featured_media":24376,"parent":24246,"menu_order":0,"comment_status":"closed","ping_status":"closed","template":"","meta":{"footnotes":""},"class_list":["post-24374","page","type-page","status-publish","has-post-thumbnail","hentry"],"yoast_head":"<!-- This site is optimized with the Yoast SEO Premium plugin v21.8 (Yoast SEO v27.3) - https:\/\/yoast.com\/product\/yoast-seo-premium-wordpress\/ -->\n<title>Politique de responsabilit\u00e9 sociale des entreprises - EPEAK Studio<\/title>\n<meta name=\"description\" content=\"Politique de responsabilit\u00e9 sociale de l&#039;entreprise d&#039;EPEAK Studio. Lisez la suite pour en savoir plus sur notre politique de responsabilit\u00e9 sociale.\" \/>\n<meta name=\"robots\" content=\"index, follow, max-snippet:-1, max-image-preview:large, max-video-preview:-1\" \/>\n<link rel=\"canonical\" href=\"https:\/\/epeakstudio.com\/fr\/a-propos-de\/convictions-et-valeurs\/politique-de-responsabilite-sociale-des-entreprises\/\" \/>\n<meta property=\"og:locale\" content=\"fr_FR\" \/>\n<meta property=\"og:type\" content=\"article\" \/>\n<meta property=\"og:title\" content=\"Politique de responsabilit\u00e9 sociale des entreprises\" \/>\n<meta property=\"og:description\" content=\"Politique de responsabilit\u00e9 sociale de l&#039;entreprise d&#039;EPEAK Studio. Lisez la suite pour en savoir plus sur notre politique de responsabilit\u00e9 sociale.\" \/>\n<meta property=\"og:url\" content=\"https:\/\/epeakstudio.com\/fr\/a-propos-de\/convictions-et-valeurs\/politique-de-responsabilite-sociale-des-entreprises\/\" \/>\n<meta property=\"og:site_name\" content=\"EPEAK Studio\" \/>\n<meta property=\"article:modified_time\" content=\"2024-10-30T13:31:35+00:00\" \/>\n<meta property=\"og:image\" content=\"https:\/\/epeakstudio.com\/wp-content\/uploads\/2024\/01\/Choose-your-event-app.jpg\" \/>\n\t<meta property=\"og:image:width\" content=\"1920\" \/>\n\t<meta property=\"og:image:height\" content=\"1080\" \/>\n\t<meta property=\"og:image:type\" content=\"image\/jpeg\" \/>\n<meta name=\"twitter:card\" content=\"summary_large_image\" \/>\n<meta name=\"twitter:label1\" content=\"Dur\u00e9e de lecture estim\u00e9e\" \/>\n\t<meta name=\"twitter:data1\" content=\"3 minutes\" \/>\n<script type=\"application\/ld+json\" class=\"yoast-schema-graph\">{\"@context\":\"https:\\\/\\\/schema.org\",\"@graph\":[{\"@type\":\"WebPage\",\"@id\":\"https:\\\/\\\/epeakstudio.com\\\/fr\\\/a-propos-de\\\/convictions-et-valeurs\\\/politique-de-responsabilite-sociale-des-entreprises\\\/\",\"url\":\"https:\\\/\\\/epeakstudio.com\\\/fr\\\/a-propos-de\\\/convictions-et-valeurs\\\/politique-de-responsabilite-sociale-des-entreprises\\\/\",\"name\":\"Politique de responsabilit\u00e9 sociale des entreprises - EPEAK Studio\",\"isPartOf\":{\"@id\":\"https:\\\/\\\/epeakstudio.com\\\/fr\\\/#website\"},\"primaryImageOfPage\":{\"@id\":\"https:\\\/\\\/epeakstudio.com\\\/fr\\\/a-propos-de\\\/convictions-et-valeurs\\\/politique-de-responsabilite-sociale-des-entreprises\\\/#primaryimage\"},\"image\":{\"@id\":\"https:\\\/\\\/epeakstudio.com\\\/fr\\\/a-propos-de\\\/convictions-et-valeurs\\\/politique-de-responsabilite-sociale-des-entreprises\\\/#primaryimage\"},\"thumbnailUrl\":\"https:\\\/\\\/epeakstudio.com\\\/wp-content\\\/uploads\\\/2024\\\/01\\\/Choose-your-event-app.jpg\",\"datePublished\":\"2024-01-17T16:32:31+00:00\",\"dateModified\":\"2024-10-30T13:31:35+00:00\",\"description\":\"Politique de responsabilit\u00e9 sociale de l'entreprise d'EPEAK Studio. Lisez la suite pour en savoir plus sur notre politique de responsabilit\u00e9 sociale.\",\"breadcrumb\":{\"@id\":\"https:\\\/\\\/epeakstudio.com\\\/fr\\\/a-propos-de\\\/convictions-et-valeurs\\\/politique-de-responsabilite-sociale-des-entreprises\\\/#breadcrumb\"},\"inLanguage\":\"fr-FR\",\"potentialAction\":[{\"@type\":\"ReadAction\",\"target\":[\"https:\\\/\\\/epeakstudio.com\\\/fr\\\/a-propos-de\\\/convictions-et-valeurs\\\/politique-de-responsabilite-sociale-des-entreprises\\\/\"]}]},{\"@type\":\"ImageObject\",\"inLanguage\":\"fr-FR\",\"@id\":\"https:\\\/\\\/epeakstudio.com\\\/fr\\\/a-propos-de\\\/convictions-et-valeurs\\\/politique-de-responsabilite-sociale-des-entreprises\\\/#primaryimage\",\"url\":\"https:\\\/\\\/epeakstudio.com\\\/wp-content\\\/uploads\\\/2024\\\/01\\\/Choose-your-event-app.jpg\",\"contentUrl\":\"https:\\\/\\\/epeakstudio.com\\\/wp-content\\\/uploads\\\/2024\\\/01\\\/Choose-your-event-app.jpg\",\"width\":1920,\"height\":1080},{\"@type\":\"BreadcrumbList\",\"@id\":\"https:\\\/\\\/epeakstudio.com\\\/fr\\\/a-propos-de\\\/convictions-et-valeurs\\\/politique-de-responsabilite-sociale-des-entreprises\\\/#breadcrumb\",\"itemListElement\":[{\"@type\":\"ListItem\",\"position\":1,\"name\":\"Home\",\"item\":\"https:\\\/\\\/epeakstudio.com\\\/fr\\\/\"},{\"@type\":\"ListItem\",\"position\":2,\"name\":\"A propos\",\"item\":\"https:\\\/\\\/epeakstudio.com\\\/fr\\\/a-propos-de\\\/\"},{\"@type\":\"ListItem\",\"position\":3,\"name\":\"Convictions et valeurs\",\"item\":\"https:\\\/\\\/epeakstudio.com\\\/fr\\\/a-propos-de\\\/convictions-et-valeurs\\\/\"},{\"@type\":\"ListItem\",\"position\":4,\"name\":\"Politique de responsabilit\u00e9 sociale des entreprises\"}]},{\"@type\":\"WebSite\",\"@id\":\"https:\\\/\\\/epeakstudio.com\\\/fr\\\/#website\",\"url\":\"https:\\\/\\\/epeakstudio.com\\\/fr\\\/\",\"name\":\"EPEAK Studio\",\"description\":\"Global 360 Event Agency - We Love Technology\",\"publisher\":{\"@id\":\"https:\\\/\\\/epeakstudio.com\\\/fr\\\/#organization\"},\"alternateName\":\"EPEAK\",\"potentialAction\":[{\"@type\":\"SearchAction\",\"target\":{\"@type\":\"EntryPoint\",\"urlTemplate\":\"https:\\\/\\\/epeakstudio.com\\\/fr\\\/?s={search_term_string}\"},\"query-input\":{\"@type\":\"PropertyValueSpecification\",\"valueRequired\":true,\"valueName\":\"search_term_string\"}}],\"inLanguage\":\"fr-FR\"},{\"@type\":\"Organization\",\"@id\":\"https:\\\/\\\/epeakstudio.com\\\/fr\\\/#organization\",\"name\":\"EPEAK Studio\",\"alternateName\":\"EPEAK\",\"url\":\"https:\\\/\\\/epeakstudio.com\\\/fr\\\/\",\"logo\":{\"@type\":\"ImageObject\",\"inLanguage\":\"fr-FR\",\"@id\":\"https:\\\/\\\/epeakstudio.com\\\/fr\\\/#\\\/schema\\\/logo\\\/image\\\/\",\"url\":\"https:\\\/\\\/epeakstudio.com\\\/wp-content\\\/uploads\\\/2020\\\/01\\\/Favicon-512px.png\",\"contentUrl\":\"https:\\\/\\\/epeakstudio.com\\\/wp-content\\\/uploads\\\/2020\\\/01\\\/Favicon-512px.png\",\"width\":512,\"height\":512,\"caption\":\"EPEAK Studio\"},\"image\":{\"@id\":\"https:\\\/\\\/epeakstudio.com\\\/fr\\\/#\\\/schema\\\/logo\\\/image\\\/\"},\"sameAs\":[\"https:\\\/\\\/www.linkedin.com\\\/company\\\/11373495\\\/\"]}]}<\/script>\n<!-- \/ Yoast SEO Premium plugin. -->","yoast_head_json":{"title":"Politique de responsabilit\u00e9 sociale des entreprises - EPEAK Studio","description":"Politique de responsabilit\u00e9 sociale de l'entreprise d'EPEAK Studio. Lisez la suite pour en savoir plus sur notre politique de responsabilit\u00e9 sociale.","robots":{"index":"index","follow":"follow","max-snippet":"max-snippet:-1","max-image-preview":"max-image-preview:large","max-video-preview":"max-video-preview:-1"},"canonical":"https:\/\/epeakstudio.com\/fr\/a-propos-de\/convictions-et-valeurs\/politique-de-responsabilite-sociale-des-entreprises\/","og_locale":"fr_FR","og_type":"article","og_title":"Politique de responsabilit\u00e9 sociale des entreprises","og_description":"Politique de responsabilit\u00e9 sociale de l'entreprise d'EPEAK Studio. Lisez la suite pour en savoir plus sur notre politique de responsabilit\u00e9 sociale.","og_url":"https:\/\/epeakstudio.com\/fr\/a-propos-de\/convictions-et-valeurs\/politique-de-responsabilite-sociale-des-entreprises\/","og_site_name":"EPEAK Studio","article_modified_time":"2024-10-30T13:31:35+00:00","og_image":[{"width":1920,"height":1080,"url":"https:\/\/epeakstudio.com\/wp-content\/uploads\/2024\/01\/Choose-your-event-app.jpg","type":"image\/jpeg"}],"twitter_card":"summary_large_image","twitter_misc":{"Dur\u00e9e de lecture estim\u00e9e":"3 minutes"},"schema":{"@context":"https:\/\/schema.org","@graph":[{"@type":"WebPage","@id":"https:\/\/epeakstudio.com\/fr\/a-propos-de\/convictions-et-valeurs\/politique-de-responsabilite-sociale-des-entreprises\/","url":"https:\/\/epeakstudio.com\/fr\/a-propos-de\/convictions-et-valeurs\/politique-de-responsabilite-sociale-des-entreprises\/","name":"Politique de responsabilit\u00e9 sociale des entreprises - EPEAK Studio","isPartOf":{"@id":"https:\/\/epeakstudio.com\/fr\/#website"},"primaryImageOfPage":{"@id":"https:\/\/epeakstudio.com\/fr\/a-propos-de\/convictions-et-valeurs\/politique-de-responsabilite-sociale-des-entreprises\/#primaryimage"},"image":{"@id":"https:\/\/epeakstudio.com\/fr\/a-propos-de\/convictions-et-valeurs\/politique-de-responsabilite-sociale-des-entreprises\/#primaryimage"},"thumbnailUrl":"https:\/\/epeakstudio.com\/wp-content\/uploads\/2024\/01\/Choose-your-event-app.jpg","datePublished":"2024-01-17T16:32:31+00:00","dateModified":"2024-10-30T13:31:35+00:00","description":"Politique de responsabilit\u00e9 sociale de l'entreprise d'EPEAK Studio. Lisez la suite pour en savoir plus sur notre politique de responsabilit\u00e9 sociale.","breadcrumb":{"@id":"https:\/\/epeakstudio.com\/fr\/a-propos-de\/convictions-et-valeurs\/politique-de-responsabilite-sociale-des-entreprises\/#breadcrumb"},"inLanguage":"fr-FR","potentialAction":[{"@type":"ReadAction","target":["https:\/\/epeakstudio.com\/fr\/a-propos-de\/convictions-et-valeurs\/politique-de-responsabilite-sociale-des-entreprises\/"]}]},{"@type":"ImageObject","inLanguage":"fr-FR","@id":"https:\/\/epeakstudio.com\/fr\/a-propos-de\/convictions-et-valeurs\/politique-de-responsabilite-sociale-des-entreprises\/#primaryimage","url":"https:\/\/epeakstudio.com\/wp-content\/uploads\/2024\/01\/Choose-your-event-app.jpg","contentUrl":"https:\/\/epeakstudio.com\/wp-content\/uploads\/2024\/01\/Choose-your-event-app.jpg","width":1920,"height":1080},{"@type":"BreadcrumbList","@id":"https:\/\/epeakstudio.com\/fr\/a-propos-de\/convictions-et-valeurs\/politique-de-responsabilite-sociale-des-entreprises\/#breadcrumb","itemListElement":[{"@type":"ListItem","position":1,"name":"Home","item":"https:\/\/epeakstudio.com\/fr\/"},{"@type":"ListItem","position":2,"name":"A propos","item":"https:\/\/epeakstudio.com\/fr\/a-propos-de\/"},{"@type":"ListItem","position":3,"name":"Convictions et valeurs","item":"https:\/\/epeakstudio.com\/fr\/a-propos-de\/convictions-et-valeurs\/"},{"@type":"ListItem","position":4,"name":"Politique de responsabilit\u00e9 sociale des entreprises"}]},{"@type":"WebSite","@id":"https:\/\/epeakstudio.com\/fr\/#website","url":"https:\/\/epeakstudio.com\/fr\/","name":"EPEAK Studio","description":"Global 360 Event Agency - We Love Technology","publisher":{"@id":"https:\/\/epeakstudio.com\/fr\/#organization"},"alternateName":"EPEAK","potentialAction":[{"@type":"SearchAction","target":{"@type":"EntryPoint","urlTemplate":"https:\/\/epeakstudio.com\/fr\/?s={search_term_string}"},"query-input":{"@type":"PropertyValueSpecification","valueRequired":true,"valueName":"search_term_string"}}],"inLanguage":"fr-FR"},{"@type":"Organization","@id":"https:\/\/epeakstudio.com\/fr\/#organization","name":"EPEAK Studio","alternateName":"EPEAK","url":"https:\/\/epeakstudio.com\/fr\/","logo":{"@type":"ImageObject","inLanguage":"fr-FR","@id":"https:\/\/epeakstudio.com\/fr\/#\/schema\/logo\/image\/","url":"https:\/\/epeakstudio.com\/wp-content\/uploads\/2020\/01\/Favicon-512px.png","contentUrl":"https:\/\/epeakstudio.com\/wp-content\/uploads\/2020\/01\/Favicon-512px.png","width":512,"height":512,"caption":"EPEAK Studio"},"image":{"@id":"https:\/\/epeakstudio.com\/fr\/#\/schema\/logo\/image\/"},"sameAs":["https:\/\/www.linkedin.com\/company\/11373495\/"]}]}},"_links":{"self":[{"href":"https:\/\/epeakstudio.com\/fr\/wp-json\/wp\/v2\/pages\/24374","targetHints":{"allow":["GET"]}}],"collection":[{"href":"https:\/\/epeakstudio.com\/fr\/wp-json\/wp\/v2\/pages"}],"about":[{"href":"https:\/\/epeakstudio.com\/fr\/wp-json\/wp\/v2\/types\/page"}],"author":[{"embeddable":true,"href":"https:\/\/epeakstudio.com\/fr\/wp-json\/wp\/v2\/users\/1"}],"replies":[{"embeddable":true,"href":"https:\/\/epeakstudio.com\/fr\/wp-json\/wp\/v2\/comments?post=24374"}],"version-history":[{"count":1,"href":"https:\/\/epeakstudio.com\/fr\/wp-json\/wp\/v2\/pages\/24374\/revisions"}],"predecessor-version":[{"id":25418,"href":"https:\/\/epeakstudio.com\/fr\/wp-json\/wp\/v2\/pages\/24374\/revisions\/25418"}],"up":[{"embeddable":true,"href":"https:\/\/epeakstudio.com\/fr\/wp-json\/wp\/v2\/pages\/24246"}],"wp:featuredmedia":[{"embeddable":true,"href":"https:\/\/epeakstudio.com\/fr\/wp-json\/wp\/v2\/media\/24376"}],"wp:attachment":[{"href":"https:\/\/epeakstudio.com\/fr\/wp-json\/wp\/v2\/media?parent=24374"}],"curies":[{"name":"wp","href":"https:\/\/api.w.org\/{rel}","templated":true}]}}