{"id":24372,"date":"2024-01-17T16:32:44","date_gmt":"2024-01-17T16:32:44","guid":{"rendered":"https:\/\/epeakstudio.com\/a-propos-de\/convictions-et-valeurs\/politique-de-diversite-et-dinclusion\/"},"modified":"2024-09-20T15:59:40","modified_gmt":"2024-09-20T15:59:40","slug":"politique-de-diversite-et-dinclusion","status":"publish","type":"page","link":"https:\/\/epeakstudio.com\/fr\/a-propos-de\/convictions-et-valeurs\/politique-de-diversite-et-dinclusion\/","title":{"rendered":"Politique de diversit\u00e9 et d&rsquo;inclusion"},"content":{"rendered":"\t\t<div data-elementor-type=\"wp-page\" data-elementor-id=\"24372\" class=\"elementor elementor-24372 elementor-290\" data-elementor-post-type=\"page\">\n\t\t\t\t<div class=\"elementor-element elementor-element-e5346ab e-flex e-con-boxed e-con e-parent\" data-id=\"e5346ab\" data-element_type=\"container\" data-e-type=\"container\">\n\t\t\t\t\t<div class=\"e-con-inner\">\n\t\t\t\t<div class=\"elementor-element elementor-element-910ebaf elementor-widget elementor-widget-spacer\" data-id=\"910ebaf\" data-element_type=\"widget\" data-e-type=\"widget\" data-widget_type=\"spacer.default\">\n\t\t\t\t\t\t\t<div class=\"elementor-spacer\">\n\t\t\t<div class=\"elementor-spacer-inner\"><\/div>\n\t\t<\/div>\n\t\t\t\t\t\t<\/div>\n\t\t\t\t<div class=\"elementor-element elementor-element-06831ee elementor-widget elementor-widget-heading\" data-id=\"06831ee\" data-element_type=\"widget\" data-e-type=\"widget\" data-widget_type=\"heading.default\">\n\t\t\t\t\t<h1 class=\"elementor-heading-title elementor-size-default\">Politique de diversit\u00e9 et d'inclusion<\/h1>\t\t\t\t<\/div>\n\t\t\t\t\t<\/div>\n\t\t\t\t<\/div>\n\t\t<div class=\"elementor-element elementor-element-046e73a e-flex e-con-boxed e-con e-parent\" data-id=\"046e73a\" data-element_type=\"container\" data-e-type=\"container\">\n\t\t\t\t\t<div class=\"e-con-inner\">\n\t\t\t\t<div class=\"elementor-element elementor-element-86976ea elementor-widget elementor-widget-spacer\" data-id=\"86976ea\" data-element_type=\"widget\" data-e-type=\"widget\" data-widget_type=\"spacer.default\">\n\t\t\t\t\t\t\t<div class=\"elementor-spacer\">\n\t\t\t<div class=\"elementor-spacer-inner\"><\/div>\n\t\t<\/div>\n\t\t\t\t\t\t<\/div>\n\t\t\t\t<div class=\"elementor-element elementor-element-678bd7c elementor-widget elementor-widget-text-editor\" data-id=\"678bd7c\" data-element_type=\"widget\" data-e-type=\"widget\" data-widget_type=\"text-editor.default\">\n\t\t\t\t\t\t\t\t\t<p>Bienvenue sur la page de la politique de diversit\u00e9 et d&rsquo;inclusion d&rsquo;EPEAK Studio.<\/p>\n<p>Chez EPEAK Studio, nous reconnaissons que la diversit\u00e9 et l&rsquo;inclusion sont essentielles pour favoriser l&rsquo;innovation, stimuler la croissance et cr\u00e9er un lieu de travail o\u00f9 tous les individus se sentent valoris\u00e9s, respect\u00e9s et habilit\u00e9s \u00e0 apporter leurs perspectives et talents uniques.<\/p>\n<p>Nous nous engageons \u00e0 construire une culture diversifi\u00e9e et inclusive qui c\u00e9l\u00e8bre les diff\u00e9rences et promeut l&rsquo;\u00e9galit\u00e9 des chances pour tous.<\/p>\n\t\t\t\t\t\t\t\t<\/div>\n\t\t\t\t\t<\/div>\n\t\t\t\t<\/div>\n\t\t<div class=\"elementor-element elementor-element-16d2782 e-flex e-con-boxed e-con e-parent\" data-id=\"16d2782\" data-element_type=\"container\" data-e-type=\"container\">\n\t\t\t\t\t<div class=\"e-con-inner\">\n\t\t\t\t<div class=\"elementor-element elementor-element-ed03833 elementor-widget elementor-widget-heading\" data-id=\"ed03833\" data-element_type=\"widget\" data-e-type=\"widget\" data-widget_type=\"heading.default\">\n\t\t\t\t\t<h2 class=\"elementor-heading-title elementor-size-default\">Nos engagements<\/h2>\t\t\t\t<\/div>\n\t\t\t\t<div class=\"elementor-element elementor-element-5b206b4 elementor-widget elementor-widget-text-editor\" data-id=\"5b206b4\" data-element_type=\"widget\" data-e-type=\"widget\" data-widget_type=\"text-editor.default\">\n\t\t\t\t\t\t\t\t\t<ol>\n<li>\n<p><strong>La diversit\u00e9<\/strong>: Nous embrassons la diversit\u00e9 sous toutes ses formes, y compris, mais sans s&rsquo;y limiter, la race, l&rsquo;origine ethnique, le sexe, l&rsquo;orientation sexuelle, l&rsquo;\u00e2ge, la religion, le handicap, la nationalit\u00e9 et le milieu socio-\u00e9conomique.<br \/>\nNous pensons que la diversit\u00e9 enrichit notre organisation et nous permet de mieux comprendre et de mieux r\u00e9pondre aux besoins de notre client\u00e8le et de nos communaut\u00e9s. <\/p>\n<\/li>\n<li>\n<p><strong>Un environnement de travail inclusif<\/strong>: Nous nous engageons \u00e0 cr\u00e9er un environnement de travail inclusif o\u00f9 tous les employ\u00e9s se sentent les bienvenus, respect\u00e9s et appr\u00e9ci\u00e9s pour ce qu&rsquo;ils sont.<br \/>\nNous nous effor\u00e7ons de favoriser une culture d&rsquo;appartenance o\u00f9 chacun a des chances \u00e9gales d&rsquo;avancement et de croissance professionnelle, quelles que soient ses origines ou son identit\u00e9. <\/p>\n<\/li>\n<li>\n<p><strong>\u00c9galit\u00e9 des chances en mati\u00e8re d&#8217;emploi<\/strong>: Nous offrons l&rsquo;\u00e9galit\u00e9 des chances en mati\u00e8re d&#8217;emploi \u00e0 tous les employ\u00e9s et candidats \u00e0 l&#8217;emploi, sans tenir compte d&rsquo;une caract\u00e9ristique ou d&rsquo;un statut prot\u00e9g\u00e9.<br \/>\nNous fondons nos d\u00e9cisions en mati\u00e8re d&#8217;embauche, de promotion, de r\u00e9mun\u00e9ration et autres d\u00e9cisions relatives \u00e0 l&#8217;emploi uniquement sur le m\u00e9rite, les qualifications et les performances, conform\u00e9ment aux lois et r\u00e9glementations en vigueur. <\/p>\n<\/li>\n<li>\n<p><strong>Repr\u00e9sentation de la diversit\u00e9<\/strong>: Nous nous engageons \u00e0 promouvoir la diversit\u00e9 \u00e0 tous les niveaux de notre organisation, y compris aux postes de direction et de d\u00e9cision.<br \/>\nNous cherchons activement \u00e0 recruter, \u00e0 retenir et \u00e0 d\u00e9velopper une main-d&rsquo;\u0153uvre diversifi\u00e9e qui refl\u00e8te les communaut\u00e9s que nous servons et les clients que nous soutenons. <\/p>\n<\/li>\n<li>\n<p><strong>\u00c9ducation et sensibilisation<\/strong>: Nous proposons des initiatives de formation, d&rsquo;\u00e9ducation et de sensibilisation \u00e0 nos employ\u00e9s afin d&rsquo;am\u00e9liorer leur compr\u00e9hension de la diversit\u00e9, de l&rsquo;inclusion, des pr\u00e9jug\u00e9s inconscients et de la comp\u00e9tence culturelle.<br \/>\nGr\u00e2ce \u00e0 l&rsquo;apprentissage et au dialogue continus, nous visons \u00e0 favoriser l&#8217;empathie, la compr\u00e9hension et la collaboration au sein de notre organisation. <\/p>\n<\/li>\n<li>\n<p><strong>Diversit\u00e9 des fournisseurs<\/strong>: Nous appr\u00e9cions la diversit\u00e9 de notre base de fournisseurs et cherchons activement \u00e0 nous engager avec des fournisseurs appartenant \u00e0 des minorit\u00e9s, \u00e0 des femmes, \u00e0 des v\u00e9t\u00e9rans, \u00e0 des personnes LGBTQ+ et \u00e0 d&rsquo;autres fournisseurs diversifi\u00e9s.<br \/>\nNous pensons que le fait de soutenir des fournisseurs diversifi\u00e9s renforce non seulement notre cha\u00eene d&rsquo;approvisionnement, mais favorise \u00e9galement l&rsquo;\u00e9mancipation \u00e9conomique et cr\u00e9e des opportunit\u00e9s pour les groupes sous-repr\u00e9sent\u00e9s. <\/p>\n<\/li>\n<\/ol>\n\t\t\t\t\t\t\t\t<\/div>\n\t\t\t\t<div class=\"elementor-element elementor-element-eecca0b elementor-widget elementor-widget-heading\" data-id=\"eecca0b\" data-element_type=\"widget\" data-e-type=\"widget\" data-widget_type=\"heading.default\">\n\t\t\t\t\t<h2 class=\"elementor-heading-title elementor-size-default\">Mise en \u0153uvre et responsabilit\u00e9<\/h2>\t\t\t\t<\/div>\n\t\t\t\t<div class=\"elementor-element elementor-element-bf91741 elementor-widget elementor-widget-text-editor\" data-id=\"bf91741\" data-element_type=\"widget\" data-e-type=\"widget\" data-widget_type=\"text-editor.default\">\n\t\t\t\t\t\t\t\t\t<p>Nous nous engageons \u00e0 mettre en \u0153uvre efficacement notre politique de diversit\u00e9 et d&rsquo;inclusion et nous nous tenons responsables de l&rsquo;obtention de r\u00e9sultats mesurables.<br \/>\nNous avons mis en place des m\u00e9canismes et des processus internes de suivi et d&rsquo;\u00e9valuation de nos progr\u00e8s, y compris des indicateurs de diversit\u00e9, des enqu\u00eates aupr\u00e8s des employ\u00e9s et des \u00e9valuations r\u00e9guli\u00e8res de nos initiatives en mati\u00e8re de diversit\u00e9 et d&rsquo;inclusion. <\/p>\n\t\t\t\t\t\t\t\t<\/div>\n\t\t\t\t<div class=\"elementor-element elementor-element-f5952d4 elementor-widget elementor-widget-heading\" data-id=\"f5952d4\" data-element_type=\"widget\" data-e-type=\"widget\" data-widget_type=\"heading.default\">\n\t\t\t\t\t<h2 class=\"elementor-heading-title elementor-size-default\">Participez<\/h2>\t\t\t\t<\/div>\n\t\t\t\t<div class=\"elementor-element elementor-element-cbee750 elementor-widget elementor-widget-text-editor\" data-id=\"cbee750\" data-element_type=\"widget\" data-e-type=\"widget\" data-widget_type=\"text-editor.default\">\n\t\t\t\t\t\t\t\t\t<p>Nous encourageons nos employ\u00e9s, nos clients, nos fournisseurs et les autres parties prenantes \u00e0 nous rejoindre dans notre engagement en faveur de la diversit\u00e9 et de l&rsquo;inclusion.<br \/>\nEnsemble, nous pouvons cr\u00e9er un lieu de travail et une soci\u00e9t\u00e9 plus inclusifs et plus \u00e9quitables pour tous. <\/p>\n\t\t\t\t\t\t\t\t<\/div>\n\t\t\t\t<div class=\"elementor-element elementor-element-eae2c99 elementor-widget elementor-widget-heading\" data-id=\"eae2c99\" data-element_type=\"widget\" data-e-type=\"widget\" data-widget_type=\"heading.default\">\n\t\t\t\t\t<h2 class=\"elementor-heading-title elementor-size-default\">Nous contacter<\/h2>\t\t\t\t<\/div>\n\t\t\t\t<div class=\"elementor-element elementor-element-8b244c5 elementor-widget elementor-widget-text-editor\" data-id=\"8b244c5\" data-element_type=\"widget\" data-e-type=\"widget\" data-widget_type=\"text-editor.default\">\n\t\t\t\t\t\t\t\t\t<p>Si vous avez des questions, des suggestions ou des commentaires concernant notre politique ou nos initiatives en mati\u00e8re de diversit\u00e9 et d&rsquo;inclusion, n&rsquo;h\u00e9sitez pas \u00e0 nous contacter.<\/p>\n<p>Votre contribution est la bienvenue et nous nous engageons \u00e0 am\u00e9liorer en permanence nos efforts en mati\u00e8re de diversit\u00e9 et d&rsquo;inclusion.<\/p>\n<p>Nous vous remercions de l&rsquo;int\u00e9r\u00eat que vous portez \u00e0 la politique de diversit\u00e9 et d&rsquo;inclusion d&rsquo;EPEAK Studio.<br \/>\nEnsemble, construisons un avenir plus diversifi\u00e9, plus inclusif et plus \u00e9quitable. <\/p>\n\t\t\t\t\t\t\t\t<\/div>\n\t\t\t\t\t<\/div>\n\t\t\t\t<\/div>\n\t\t<div class=\"elementor-element elementor-element-dcc9a0b e-flex e-con-boxed e-con e-parent\" data-id=\"dcc9a0b\" data-element_type=\"container\" data-e-type=\"container\">\n\t\t\t\t\t<div class=\"e-con-inner\">\n\t\t\t\t\t<\/div>\n\t\t\t\t<\/div>\n\t\t\t\t<\/div>\n\t\t","protected":false},"excerpt":{"rendered":"<p>Politique de diversit\u00e9 et d&rsquo;inclusion Bienvenue sur la page de la politique de diversit\u00e9 et d&rsquo;inclusion d&rsquo;EPEAK Studio. Chez EPEAK Studio, nous reconnaissons que la diversit\u00e9 et l&rsquo;inclusion sont essentielles pour favoriser l&rsquo;innovation, stimuler la croissance et cr\u00e9er un lieu de travail o\u00f9 tous les individus se sentent valoris\u00e9s, respect\u00e9s et habilit\u00e9s \u00e0 apporter leurs [&hellip;]<\/p>\n","protected":false},"author":1,"featured_media":24346,"parent":24246,"menu_order":0,"comment_status":"closed","ping_status":"closed","template":"","meta":{"footnotes":""},"class_list":["post-24372","page","type-page","status-publish","has-post-thumbnail","hentry"],"yoast_head":"<!-- This site is optimized with the Yoast SEO Premium plugin v21.8 (Yoast SEO v27.3) - https:\/\/yoast.com\/product\/yoast-seo-premium-wordpress\/ -->\n<title>Politique de diversit\u00e9 et d&#039;inclusion - EPEAK Studio<\/title>\n<meta name=\"description\" content=\"Politique de diversit\u00e9 et d&#039;inclusion d&#039;EPEAK Studio. Lisez la suite pour en savoir plus sur notre politique de diversit\u00e9 et d&#039;inclusion.\" \/>\n<meta name=\"robots\" content=\"index, follow, max-snippet:-1, max-image-preview:large, max-video-preview:-1\" \/>\n<link rel=\"canonical\" href=\"https:\/\/epeakstudio.com\/fr\/a-propos-de\/convictions-et-valeurs\/politique-de-diversite-et-dinclusion\/\" \/>\n<meta property=\"og:locale\" content=\"fr_FR\" \/>\n<meta property=\"og:type\" content=\"article\" \/>\n<meta property=\"og:title\" content=\"Politique de diversit\u00e9 et d&#039;inclusion\" \/>\n<meta property=\"og:description\" content=\"Politique de diversit\u00e9 et d&#039;inclusion d&#039;EPEAK Studio. Lisez la suite pour en savoir plus sur notre politique de diversit\u00e9 et d&#039;inclusion.\" \/>\n<meta property=\"og:url\" content=\"https:\/\/epeakstudio.com\/fr\/a-propos-de\/convictions-et-valeurs\/politique-de-diversite-et-dinclusion\/\" \/>\n<meta property=\"og:site_name\" content=\"EPEAK Studio\" \/>\n<meta property=\"article:modified_time\" content=\"2024-09-20T15:59:40+00:00\" \/>\n<meta property=\"og:image\" content=\"https:\/\/epeakstudio.com\/wp-content\/uploads\/2024\/03\/diversity-in-the-workplace.jpg\" \/>\n\t<meta property=\"og:image:width\" content=\"1920\" \/>\n\t<meta property=\"og:image:height\" content=\"1080\" \/>\n\t<meta property=\"og:image:type\" content=\"image\/jpeg\" \/>\n<meta name=\"twitter:card\" content=\"summary_large_image\" \/>\n<meta name=\"twitter:label1\" content=\"Dur\u00e9e de lecture estim\u00e9e\" \/>\n\t<meta name=\"twitter:data1\" content=\"3 minutes\" \/>\n<script type=\"application\/ld+json\" class=\"yoast-schema-graph\">{\"@context\":\"https:\\\/\\\/schema.org\",\"@graph\":[{\"@type\":\"WebPage\",\"@id\":\"https:\\\/\\\/epeakstudio.com\\\/fr\\\/a-propos-de\\\/convictions-et-valeurs\\\/politique-de-diversite-et-dinclusion\\\/\",\"url\":\"https:\\\/\\\/epeakstudio.com\\\/fr\\\/a-propos-de\\\/convictions-et-valeurs\\\/politique-de-diversite-et-dinclusion\\\/\",\"name\":\"Politique de diversit\u00e9 et d'inclusion - EPEAK Studio\",\"isPartOf\":{\"@id\":\"https:\\\/\\\/epeakstudio.com\\\/fr\\\/#website\"},\"primaryImageOfPage\":{\"@id\":\"https:\\\/\\\/epeakstudio.com\\\/fr\\\/a-propos-de\\\/convictions-et-valeurs\\\/politique-de-diversite-et-dinclusion\\\/#primaryimage\"},\"image\":{\"@id\":\"https:\\\/\\\/epeakstudio.com\\\/fr\\\/a-propos-de\\\/convictions-et-valeurs\\\/politique-de-diversite-et-dinclusion\\\/#primaryimage\"},\"thumbnailUrl\":\"https:\\\/\\\/epeakstudio.com\\\/wp-content\\\/uploads\\\/2024\\\/03\\\/diversity-in-the-workplace.jpg\",\"datePublished\":\"2024-01-17T16:32:44+00:00\",\"dateModified\":\"2024-09-20T15:59:40+00:00\",\"description\":\"Politique de diversit\u00e9 et d'inclusion d'EPEAK Studio. Lisez la suite pour en savoir plus sur notre politique de diversit\u00e9 et d'inclusion.\",\"breadcrumb\":{\"@id\":\"https:\\\/\\\/epeakstudio.com\\\/fr\\\/a-propos-de\\\/convictions-et-valeurs\\\/politique-de-diversite-et-dinclusion\\\/#breadcrumb\"},\"inLanguage\":\"fr-FR\",\"potentialAction\":[{\"@type\":\"ReadAction\",\"target\":[\"https:\\\/\\\/epeakstudio.com\\\/fr\\\/a-propos-de\\\/convictions-et-valeurs\\\/politique-de-diversite-et-dinclusion\\\/\"]}]},{\"@type\":\"ImageObject\",\"inLanguage\":\"fr-FR\",\"@id\":\"https:\\\/\\\/epeakstudio.com\\\/fr\\\/a-propos-de\\\/convictions-et-valeurs\\\/politique-de-diversite-et-dinclusion\\\/#primaryimage\",\"url\":\"https:\\\/\\\/epeakstudio.com\\\/wp-content\\\/uploads\\\/2024\\\/03\\\/diversity-in-the-workplace.jpg\",\"contentUrl\":\"https:\\\/\\\/epeakstudio.com\\\/wp-content\\\/uploads\\\/2024\\\/03\\\/diversity-in-the-workplace.jpg\",\"width\":1920,\"height\":1080},{\"@type\":\"BreadcrumbList\",\"@id\":\"https:\\\/\\\/epeakstudio.com\\\/fr\\\/a-propos-de\\\/convictions-et-valeurs\\\/politique-de-diversite-et-dinclusion\\\/#breadcrumb\",\"itemListElement\":[{\"@type\":\"ListItem\",\"position\":1,\"name\":\"Home\",\"item\":\"https:\\\/\\\/epeakstudio.com\\\/fr\\\/\"},{\"@type\":\"ListItem\",\"position\":2,\"name\":\"A propos\",\"item\":\"https:\\\/\\\/epeakstudio.com\\\/fr\\\/a-propos-de\\\/\"},{\"@type\":\"ListItem\",\"position\":3,\"name\":\"Convictions et valeurs\",\"item\":\"https:\\\/\\\/epeakstudio.com\\\/fr\\\/a-propos-de\\\/convictions-et-valeurs\\\/\"},{\"@type\":\"ListItem\",\"position\":4,\"name\":\"Politique de diversit\u00e9 et d&rsquo;inclusion\"}]},{\"@type\":\"WebSite\",\"@id\":\"https:\\\/\\\/epeakstudio.com\\\/fr\\\/#website\",\"url\":\"https:\\\/\\\/epeakstudio.com\\\/fr\\\/\",\"name\":\"EPEAK Studio\",\"description\":\"Global 360 Event Agency - We Love Technology\",\"publisher\":{\"@id\":\"https:\\\/\\\/epeakstudio.com\\\/fr\\\/#organization\"},\"alternateName\":\"EPEAK\",\"potentialAction\":[{\"@type\":\"SearchAction\",\"target\":{\"@type\":\"EntryPoint\",\"urlTemplate\":\"https:\\\/\\\/epeakstudio.com\\\/fr\\\/?s={search_term_string}\"},\"query-input\":{\"@type\":\"PropertyValueSpecification\",\"valueRequired\":true,\"valueName\":\"search_term_string\"}}],\"inLanguage\":\"fr-FR\"},{\"@type\":\"Organization\",\"@id\":\"https:\\\/\\\/epeakstudio.com\\\/fr\\\/#organization\",\"name\":\"EPEAK Studio\",\"alternateName\":\"EPEAK\",\"url\":\"https:\\\/\\\/epeakstudio.com\\\/fr\\\/\",\"logo\":{\"@type\":\"ImageObject\",\"inLanguage\":\"fr-FR\",\"@id\":\"https:\\\/\\\/epeakstudio.com\\\/fr\\\/#\\\/schema\\\/logo\\\/image\\\/\",\"url\":\"https:\\\/\\\/epeakstudio.com\\\/wp-content\\\/uploads\\\/2020\\\/01\\\/Favicon-512px.png\",\"contentUrl\":\"https:\\\/\\\/epeakstudio.com\\\/wp-content\\\/uploads\\\/2020\\\/01\\\/Favicon-512px.png\",\"width\":512,\"height\":512,\"caption\":\"EPEAK Studio\"},\"image\":{\"@id\":\"https:\\\/\\\/epeakstudio.com\\\/fr\\\/#\\\/schema\\\/logo\\\/image\\\/\"},\"sameAs\":[\"https:\\\/\\\/www.linkedin.com\\\/company\\\/11373495\\\/\"]}]}<\/script>\n<!-- \/ Yoast SEO Premium plugin. -->","yoast_head_json":{"title":"Politique de diversit\u00e9 et d'inclusion - EPEAK Studio","description":"Politique de diversit\u00e9 et d'inclusion d'EPEAK Studio. Lisez la suite pour en savoir plus sur notre politique de diversit\u00e9 et d'inclusion.","robots":{"index":"index","follow":"follow","max-snippet":"max-snippet:-1","max-image-preview":"max-image-preview:large","max-video-preview":"max-video-preview:-1"},"canonical":"https:\/\/epeakstudio.com\/fr\/a-propos-de\/convictions-et-valeurs\/politique-de-diversite-et-dinclusion\/","og_locale":"fr_FR","og_type":"article","og_title":"Politique de diversit\u00e9 et d'inclusion","og_description":"Politique de diversit\u00e9 et d'inclusion d'EPEAK Studio. Lisez la suite pour en savoir plus sur notre politique de diversit\u00e9 et d'inclusion.","og_url":"https:\/\/epeakstudio.com\/fr\/a-propos-de\/convictions-et-valeurs\/politique-de-diversite-et-dinclusion\/","og_site_name":"EPEAK Studio","article_modified_time":"2024-09-20T15:59:40+00:00","og_image":[{"width":1920,"height":1080,"url":"https:\/\/epeakstudio.com\/wp-content\/uploads\/2024\/03\/diversity-in-the-workplace.jpg","type":"image\/jpeg"}],"twitter_card":"summary_large_image","twitter_misc":{"Dur\u00e9e de lecture estim\u00e9e":"3 minutes"},"schema":{"@context":"https:\/\/schema.org","@graph":[{"@type":"WebPage","@id":"https:\/\/epeakstudio.com\/fr\/a-propos-de\/convictions-et-valeurs\/politique-de-diversite-et-dinclusion\/","url":"https:\/\/epeakstudio.com\/fr\/a-propos-de\/convictions-et-valeurs\/politique-de-diversite-et-dinclusion\/","name":"Politique de diversit\u00e9 et d'inclusion - EPEAK Studio","isPartOf":{"@id":"https:\/\/epeakstudio.com\/fr\/#website"},"primaryImageOfPage":{"@id":"https:\/\/epeakstudio.com\/fr\/a-propos-de\/convictions-et-valeurs\/politique-de-diversite-et-dinclusion\/#primaryimage"},"image":{"@id":"https:\/\/epeakstudio.com\/fr\/a-propos-de\/convictions-et-valeurs\/politique-de-diversite-et-dinclusion\/#primaryimage"},"thumbnailUrl":"https:\/\/epeakstudio.com\/wp-content\/uploads\/2024\/03\/diversity-in-the-workplace.jpg","datePublished":"2024-01-17T16:32:44+00:00","dateModified":"2024-09-20T15:59:40+00:00","description":"Politique de diversit\u00e9 et d'inclusion d'EPEAK Studio. Lisez la suite pour en savoir plus sur notre politique de diversit\u00e9 et d'inclusion.","breadcrumb":{"@id":"https:\/\/epeakstudio.com\/fr\/a-propos-de\/convictions-et-valeurs\/politique-de-diversite-et-dinclusion\/#breadcrumb"},"inLanguage":"fr-FR","potentialAction":[{"@type":"ReadAction","target":["https:\/\/epeakstudio.com\/fr\/a-propos-de\/convictions-et-valeurs\/politique-de-diversite-et-dinclusion\/"]}]},{"@type":"ImageObject","inLanguage":"fr-FR","@id":"https:\/\/epeakstudio.com\/fr\/a-propos-de\/convictions-et-valeurs\/politique-de-diversite-et-dinclusion\/#primaryimage","url":"https:\/\/epeakstudio.com\/wp-content\/uploads\/2024\/03\/diversity-in-the-workplace.jpg","contentUrl":"https:\/\/epeakstudio.com\/wp-content\/uploads\/2024\/03\/diversity-in-the-workplace.jpg","width":1920,"height":1080},{"@type":"BreadcrumbList","@id":"https:\/\/epeakstudio.com\/fr\/a-propos-de\/convictions-et-valeurs\/politique-de-diversite-et-dinclusion\/#breadcrumb","itemListElement":[{"@type":"ListItem","position":1,"name":"Home","item":"https:\/\/epeakstudio.com\/fr\/"},{"@type":"ListItem","position":2,"name":"A propos","item":"https:\/\/epeakstudio.com\/fr\/a-propos-de\/"},{"@type":"ListItem","position":3,"name":"Convictions et valeurs","item":"https:\/\/epeakstudio.com\/fr\/a-propos-de\/convictions-et-valeurs\/"},{"@type":"ListItem","position":4,"name":"Politique de diversit\u00e9 et d&rsquo;inclusion"}]},{"@type":"WebSite","@id":"https:\/\/epeakstudio.com\/fr\/#website","url":"https:\/\/epeakstudio.com\/fr\/","name":"EPEAK Studio","description":"Global 360 Event Agency - We Love Technology","publisher":{"@id":"https:\/\/epeakstudio.com\/fr\/#organization"},"alternateName":"EPEAK","potentialAction":[{"@type":"SearchAction","target":{"@type":"EntryPoint","urlTemplate":"https:\/\/epeakstudio.com\/fr\/?s={search_term_string}"},"query-input":{"@type":"PropertyValueSpecification","valueRequired":true,"valueName":"search_term_string"}}],"inLanguage":"fr-FR"},{"@type":"Organization","@id":"https:\/\/epeakstudio.com\/fr\/#organization","name":"EPEAK Studio","alternateName":"EPEAK","url":"https:\/\/epeakstudio.com\/fr\/","logo":{"@type":"ImageObject","inLanguage":"fr-FR","@id":"https:\/\/epeakstudio.com\/fr\/#\/schema\/logo\/image\/","url":"https:\/\/epeakstudio.com\/wp-content\/uploads\/2020\/01\/Favicon-512px.png","contentUrl":"https:\/\/epeakstudio.com\/wp-content\/uploads\/2020\/01\/Favicon-512px.png","width":512,"height":512,"caption":"EPEAK Studio"},"image":{"@id":"https:\/\/epeakstudio.com\/fr\/#\/schema\/logo\/image\/"},"sameAs":["https:\/\/www.linkedin.com\/company\/11373495\/"]}]}},"_links":{"self":[{"href":"https:\/\/epeakstudio.com\/fr\/wp-json\/wp\/v2\/pages\/24372","targetHints":{"allow":["GET"]}}],"collection":[{"href":"https:\/\/epeakstudio.com\/fr\/wp-json\/wp\/v2\/pages"}],"about":[{"href":"https:\/\/epeakstudio.com\/fr\/wp-json\/wp\/v2\/types\/page"}],"author":[{"embeddable":true,"href":"https:\/\/epeakstudio.com\/fr\/wp-json\/wp\/v2\/users\/1"}],"replies":[{"embeddable":true,"href":"https:\/\/epeakstudio.com\/fr\/wp-json\/wp\/v2\/comments?post=24372"}],"version-history":[{"count":0,"href":"https:\/\/epeakstudio.com\/fr\/wp-json\/wp\/v2\/pages\/24372\/revisions"}],"up":[{"embeddable":true,"href":"https:\/\/epeakstudio.com\/fr\/wp-json\/wp\/v2\/pages\/24246"}],"wp:featuredmedia":[{"embeddable":true,"href":"https:\/\/epeakstudio.com\/fr\/wp-json\/wp\/v2\/media\/24346"}],"wp:attachment":[{"href":"https:\/\/epeakstudio.com\/fr\/wp-json\/wp\/v2\/media?parent=24372"}],"curies":[{"name":"wp","href":"https:\/\/api.w.org\/{rel}","templated":true}]}}