{"id":24249,"date":"2024-01-17T16:32:55","date_gmt":"2024-01-17T16:32:55","guid":{"rendered":"https:\/\/epeakstudio.com\/convictions-et-valeurs\/politique-des-droits-de-lhomme\/"},"modified":"2024-09-20T15:59:40","modified_gmt":"2024-09-20T15:59:40","slug":"politique-des-droits-de-lhomme","status":"publish","type":"page","link":"https:\/\/epeakstudio.com\/fr\/a-propos-de\/convictions-et-valeurs\/politique-des-droits-de-lhomme\/","title":{"rendered":"Politique des droits de l&rsquo;homme"},"content":{"rendered":"\t\t<div data-elementor-type=\"wp-page\" data-elementor-id=\"24249\" class=\"elementor elementor-24249 elementor-293\" data-elementor-post-type=\"page\">\n\t\t\t\t<div class=\"elementor-element elementor-element-cfc11d5 e-flex e-con-boxed e-con e-parent\" data-id=\"cfc11d5\" data-element_type=\"container\" data-e-type=\"container\">\n\t\t\t\t\t<div class=\"e-con-inner\">\n\t\t\t\t<div class=\"elementor-element elementor-element-3b55e0b elementor-widget elementor-widget-spacer\" data-id=\"3b55e0b\" data-element_type=\"widget\" data-e-type=\"widget\" data-widget_type=\"spacer.default\">\n\t\t\t\t\t\t\t<div class=\"elementor-spacer\">\n\t\t\t<div class=\"elementor-spacer-inner\"><\/div>\n\t\t<\/div>\n\t\t\t\t\t\t<\/div>\n\t\t\t\t<div class=\"elementor-element elementor-element-a93bd6b elementor-widget elementor-widget-heading\" data-id=\"a93bd6b\" data-element_type=\"widget\" data-e-type=\"widget\" data-widget_type=\"heading.default\">\n\t\t\t\t\t<h1 class=\"elementor-heading-title elementor-size-default\">Politique des droits de l'homme<\/h1>\t\t\t\t<\/div>\n\t\t\t\t\t<\/div>\n\t\t\t\t<\/div>\n\t\t<div class=\"elementor-element elementor-element-52ae683 e-flex e-con-boxed e-con e-parent\" data-id=\"52ae683\" data-element_type=\"container\" data-e-type=\"container\">\n\t\t\t\t\t<div class=\"e-con-inner\">\n\t\t\t\t<div class=\"elementor-element elementor-element-fd97c64 elementor-widget elementor-widget-spacer\" data-id=\"fd97c64\" data-element_type=\"widget\" data-e-type=\"widget\" data-widget_type=\"spacer.default\">\n\t\t\t\t\t\t\t<div class=\"elementor-spacer\">\n\t\t\t<div class=\"elementor-spacer-inner\"><\/div>\n\t\t<\/div>\n\t\t\t\t\t\t<\/div>\n\t\t\t\t<div class=\"elementor-element elementor-element-28e014c elementor-widget elementor-widget-text-editor\" data-id=\"28e014c\" data-element_type=\"widget\" data-e-type=\"widget\" data-widget_type=\"text-editor.default\">\n\t\t\t\t\t\t\t\t\t<p>Bienvenue sur la page consacr\u00e9e \u00e0 la politique des droits de l&rsquo;homme d&rsquo;EPEAK Studio.<br \/>\nChez EPEAK Studio, nous nous engageons \u00e0 respecter et \u00e0 promouvoir les droits de l&rsquo;homme dans tous les aspects de nos activit\u00e9s et de nos relations professionnelles. <\/p>\n<p>Nous pensons que le respect des droits de l&rsquo;homme n&rsquo;est pas seulement la bonne chose \u00e0 faire, mais qu&rsquo;il est \u00e9galement essentiel \u00e0 la r\u00e9ussite durable des entreprises et au bien-\u00eatre de la soci\u00e9t\u00e9.<\/p>\n\t\t\t\t\t\t\t\t<\/div>\n\t\t\t\t\t<\/div>\n\t\t\t\t<\/div>\n\t\t<div class=\"elementor-element elementor-element-ae33fd4 e-flex e-con-boxed e-con e-parent\" data-id=\"ae33fd4\" data-element_type=\"container\" data-e-type=\"container\">\n\t\t\t\t\t<div class=\"e-con-inner\">\n\t\t\t\t<div class=\"elementor-element elementor-element-4f470e8 elementor-widget elementor-widget-heading\" data-id=\"4f470e8\" data-element_type=\"widget\" data-e-type=\"widget\" data-widget_type=\"heading.default\">\n\t\t\t\t\t<h2 class=\"elementor-heading-title elementor-size-default\">Nos engagements<\/h2>\t\t\t\t<\/div>\n\t\t\t\t<div class=\"elementor-element elementor-element-393e397 elementor-widget elementor-widget-text-editor\" data-id=\"393e397\" data-element_type=\"widget\" data-e-type=\"widget\" data-widget_type=\"text-editor.default\">\n\t\t\t\t\t\t\t\t\t<ol>\n<li>\n<p><strong>Respect de la dignit\u00e9 humaine<\/strong>: Nous reconnaissons la dignit\u00e9 et la valeur inh\u00e9rentes \u00e0 chaque individu et nous nous engageons \u00e0 traiter toutes les personnes avec respect, \u00e9quit\u00e9 et dignit\u00e9.<br \/>\nNous nous opposons \u00e0 toute forme de discrimination, de harc\u00e8lement et d&rsquo;exploitation fond\u00e9e sur la race, l&rsquo;origine ethnique, le sexe, la religion, l&rsquo;orientation sexuelle, le handicap ou toute autre caract\u00e9ristique. <\/p>\n<\/li>\n<li>\n<p><strong>Droits du travail<\/strong>: Nous soutenons et respectons les droits des travailleurs, tant au sein de notre organisation que tout au long de notre cha\u00eene d&rsquo;approvisionnement.<br \/>\nCela inclut le droit \u00e0 un salaire \u00e9quitable, \u00e0 des conditions de travail s\u00fbres, \u00e0 la libert\u00e9 d&rsquo;association et \u00e0 l&rsquo;interdiction du travail forc\u00e9 et du travail des enfants.<br \/>\nNous nous engageons \u00e0 respecter toutes les lois et normes du travail applicables.  <\/p>\n<\/li>\n<li>\n<p><strong>Responsabilit\u00e9 de la cha\u00eene d&rsquo;approvisionnement<\/strong>: Nous sommes conscients de l&rsquo;importance de veiller \u00e0 ce que nos fournisseurs et partenaires commerciaux respectent \u00e9galement les normes en mati\u00e8re de droits de l&rsquo;homme.<br \/>\nNous travaillons en collaboration avec nos fournisseurs afin de promouvoir des pratiques d&rsquo;approvisionnement responsables et de traiter tout risque ou toute violation des droits de l&rsquo;homme pouvant survenir au sein de notre cha\u00eene d&rsquo;approvisionnement. <\/p>\n<\/li>\n<li>\n<p><strong>Engagement communautaire<\/strong>: Nous nous engageons activement aupr\u00e8s des communaut\u00e9s dans lesquelles nous op\u00e9rons afin de comprendre leurs besoins et leurs pr\u00e9occupations.<br \/>\nPar le dialogue, la collaboration et les initiatives de d\u00e9veloppement communautaire, nous cherchons \u00e0 promouvoir l&rsquo;inclusion sociale, l&rsquo;autonomisation \u00e9conomique et la protection des droits de l&rsquo;homme au sein de ces communaut\u00e9s. <\/p>\n<\/li>\n<li>\n<p><strong>Transparence et responsabilit\u00e9<\/strong>: Nous croyons \u00e0 la transparence et \u00e0 la responsabilit\u00e9 en tant que principes fondamentaux d&rsquo;une conduite responsable des affaires.<br \/>\nNous nous engageons \u00e0 \u00e9valuer et \u00e0 rendre compte r\u00e9guli\u00e8rement de notre performance en mati\u00e8re de droits de l&rsquo;homme, y compris les d\u00e9fis ou les domaines \u00e0 am\u00e9liorer, et \u00e0 prendre les mesures appropri\u00e9es pour y rem\u00e9dier. <\/p>\n<\/li>\n<\/ol>\n\t\t\t\t\t\t\t\t<\/div>\n\t\t\t\t<div class=\"elementor-element elementor-element-6a8cf07 elementor-widget elementor-widget-heading\" data-id=\"6a8cf07\" data-element_type=\"widget\" data-e-type=\"widget\" data-widget_type=\"heading.default\">\n\t\t\t\t\t<h2 class=\"elementor-heading-title elementor-size-default\">Mise en \u0153uvre et suivi<\/h2>\t\t\t\t<\/div>\n\t\t\t\t<div class=\"elementor-element elementor-element-cb7c8a4 elementor-widget elementor-widget-text-editor\" data-id=\"cb7c8a4\" data-element_type=\"widget\" data-e-type=\"widget\" data-widget_type=\"text-editor.default\">\n\t\t\t\t\t\t\t\t\t<p>Pour garantir la mise en \u0153uvre efficace de notre politique en mati\u00e8re de droits de l&rsquo;homme, nous avons mis en place des m\u00e9canismes et des processus internes de suivi et d&rsquo;\u00e9valuation de nos performances.<\/p>\n<p>Nous menons r\u00e9guli\u00e8rement des \u00e9valuations, des audits et des consultations avec les parties prenantes afin d&rsquo;identifier les risques li\u00e9s aux droits de l&rsquo;homme et les possibilit\u00e9s d&rsquo;am\u00e9lioration, et nous prenons des mesures proactives pour y rem\u00e9dier.<\/p>\n\t\t\t\t\t\t\t\t<\/div>\n\t\t\t\t<div class=\"elementor-element elementor-element-353f4ad elementor-widget elementor-widget-heading\" data-id=\"353f4ad\" data-element_type=\"widget\" data-e-type=\"widget\" data-widget_type=\"heading.default\">\n\t\t\t\t\t<h2 class=\"elementor-heading-title elementor-size-default\">Formation et sensibilisation<\/h2>\t\t\t\t<\/div>\n\t\t\t\t<div class=\"elementor-element elementor-element-913957a elementor-widget elementor-widget-text-editor\" data-id=\"913957a\" data-element_type=\"widget\" data-e-type=\"widget\" data-widget_type=\"text-editor.default\">\n\t\t\t\t\t\t\t\t\t<p>Nous proposons des formations et des initiatives de sensibilisation \u00e0 nos employ\u00e9s et aux parties prenantes afin d&rsquo;am\u00e9liorer leur compr\u00e9hension des questions relatives aux droits de l&rsquo;homme et leur r\u00f4le dans la mise en \u0153uvre de notre politique des droits de l&rsquo;homme.<\/p>\n<p>Gr\u00e2ce \u00e0 des efforts d&rsquo;\u00e9ducation et de renforcement des capacit\u00e9s, nous donnons aux individus les moyens d&rsquo;int\u00e9grer les consid\u00e9rations relatives aux droits de l&rsquo;homme dans leurs activit\u00e9s quotidiennes et dans leurs processus de prise de d\u00e9cision.<\/p>\n\t\t\t\t\t\t\t\t<\/div>\n\t\t\t\t<div class=\"elementor-element elementor-element-517d162 elementor-widget elementor-widget-heading\" data-id=\"517d162\" data-element_type=\"widget\" data-e-type=\"widget\" data-widget_type=\"heading.default\">\n\t\t\t\t\t<h2 class=\"elementor-heading-title elementor-size-default\">Participez<\/h2>\t\t\t\t<\/div>\n\t\t\t\t<div class=\"elementor-element elementor-element-e376d10 elementor-widget elementor-widget-text-editor\" data-id=\"e376d10\" data-element_type=\"widget\" data-e-type=\"widget\" data-widget_type=\"text-editor.default\">\n\t\t\t\t\t\t\t\t\t<p>Nous encourageons nos employ\u00e9s, nos clients, nos fournisseurs et les autres parties prenantes \u00e0 nous rejoindre dans notre engagement en faveur de la promotion et de la protection des droits de l&rsquo;homme.<\/p>\n<p>Ensemble, nous pouvons cr\u00e9er une soci\u00e9t\u00e9 plus juste, plus \u00e9quitable et plus inclusive pour tous.<\/p>\n\t\t\t\t\t\t\t\t<\/div>\n\t\t\t\t<div class=\"elementor-element elementor-element-c767595 elementor-widget elementor-widget-heading\" data-id=\"c767595\" data-element_type=\"widget\" data-e-type=\"widget\" data-widget_type=\"heading.default\">\n\t\t\t\t\t<h2 class=\"elementor-heading-title elementor-size-default\">Nous contacter<\/h2>\t\t\t\t<\/div>\n\t\t\t\t<div class=\"elementor-element elementor-element-52b0498 elementor-widget elementor-widget-text-editor\" data-id=\"52b0498\" data-element_type=\"widget\" data-e-type=\"widget\" data-widget_type=\"text-editor.default\">\n\t\t\t\t\t\t\t\t\t<p>Si vous avez des questions, des pr\u00e9occupations ou des commentaires concernant notre politique ou nos initiatives en mati\u00e8re de droits de l&rsquo;homme, n&rsquo;h\u00e9sitez pas \u00e0 nous contacter.<\/p>\n<p>Nous sommes heureux de recevoir vos commentaires et nous nous engageons \u00e0 am\u00e9liorer continuellement nos efforts en mati\u00e8re de droits de l&rsquo;homme.<\/p>\n<p>Nous vous remercions de l&rsquo;int\u00e9r\u00eat que vous portez \u00e0 la politique des droits de l&rsquo;homme du studio EPEAK.<br \/>\nEnsemble, \u0153uvrons pour un monde o\u00f9 les droits de l&rsquo;homme sont respect\u00e9s et d\u00e9fendus par tous. <\/p>\n\t\t\t\t\t\t\t\t<\/div>\n\t\t\t\t\t<\/div>\n\t\t\t\t<\/div>\n\t\t<div class=\"elementor-element elementor-element-6e63da1 e-flex e-con-boxed e-con e-parent\" data-id=\"6e63da1\" data-element_type=\"container\" data-e-type=\"container\">\n\t\t\t\t\t<div class=\"e-con-inner\">\n\t\t\t\t\t<\/div>\n\t\t\t\t<\/div>\n\t\t\t\t<\/div>\n\t\t","protected":false},"excerpt":{"rendered":"<p>Politique des droits de l&rsquo;homme Bienvenue sur la page consacr\u00e9e \u00e0 la politique des droits de l&rsquo;homme d&rsquo;EPEAK Studio. Chez EPEAK Studio, nous nous engageons \u00e0 respecter et \u00e0 promouvoir les droits de l&rsquo;homme dans tous les aspects de nos activit\u00e9s et de nos relations professionnelles. Nous pensons que le respect des droits de l&rsquo;homme [&hellip;]<\/p>\n","protected":false},"author":1,"featured_media":24251,"parent":24246,"menu_order":0,"comment_status":"closed","ping_status":"closed","template":"","meta":{"footnotes":""},"class_list":["post-24249","page","type-page","status-publish","has-post-thumbnail","hentry"],"yoast_head":"<!-- This site is optimized with the Yoast SEO Premium plugin v21.8 (Yoast SEO v27.3) - https:\/\/yoast.com\/product\/yoast-seo-premium-wordpress\/ -->\n<title>Politique des droits de l&#039;homme - EPEAK Studio<\/title>\n<meta name=\"description\" content=\"Politique des droits de l&#039;homme d&#039;EPEAK Studio. Lisez la suite pour en savoir plus sur notre politique en mati\u00e8re de droits de l&#039;homme.\" \/>\n<meta name=\"robots\" content=\"index, follow, max-snippet:-1, max-image-preview:large, max-video-preview:-1\" \/>\n<link rel=\"canonical\" href=\"https:\/\/epeakstudio.com\/fr\/a-propos-de\/convictions-et-valeurs\/politique-des-droits-de-lhomme\/\" \/>\n<meta property=\"og:locale\" content=\"fr_FR\" \/>\n<meta property=\"og:type\" content=\"article\" \/>\n<meta property=\"og:title\" content=\"Politique des droits de l&#039;homme\" \/>\n<meta property=\"og:description\" content=\"Politique des droits de l&#039;homme d&#039;EPEAK Studio. Lisez la suite pour en savoir plus sur notre politique en mati\u00e8re de droits de l&#039;homme.\" \/>\n<meta property=\"og:url\" content=\"https:\/\/epeakstudio.com\/fr\/a-propos-de\/convictions-et-valeurs\/politique-des-droits-de-lhomme\/\" \/>\n<meta property=\"og:site_name\" content=\"EPEAK Studio\" \/>\n<meta property=\"article:modified_time\" content=\"2024-09-20T15:59:40+00:00\" \/>\n<meta property=\"og:image\" content=\"https:\/\/epeakstudio.com\/wp-content\/uploads\/2024\/01\/teamwork-collaboration.jpg\" \/>\n\t<meta property=\"og:image:width\" content=\"1920\" \/>\n\t<meta property=\"og:image:height\" content=\"1080\" \/>\n\t<meta property=\"og:image:type\" content=\"image\/jpeg\" \/>\n<meta name=\"twitter:card\" content=\"summary_large_image\" \/>\n<meta name=\"twitter:label1\" content=\"Dur\u00e9e de lecture estim\u00e9e\" \/>\n\t<meta name=\"twitter:data1\" content=\"4 minutes\" \/>\n<script type=\"application\/ld+json\" class=\"yoast-schema-graph\">{\"@context\":\"https:\\\/\\\/schema.org\",\"@graph\":[{\"@type\":\"WebPage\",\"@id\":\"https:\\\/\\\/epeakstudio.com\\\/fr\\\/a-propos-de\\\/convictions-et-valeurs\\\/politique-des-droits-de-lhomme\\\/\",\"url\":\"https:\\\/\\\/epeakstudio.com\\\/fr\\\/a-propos-de\\\/convictions-et-valeurs\\\/politique-des-droits-de-lhomme\\\/\",\"name\":\"Politique des droits de l'homme - EPEAK Studio\",\"isPartOf\":{\"@id\":\"https:\\\/\\\/epeakstudio.com\\\/fr\\\/#website\"},\"primaryImageOfPage\":{\"@id\":\"https:\\\/\\\/epeakstudio.com\\\/fr\\\/a-propos-de\\\/convictions-et-valeurs\\\/politique-des-droits-de-lhomme\\\/#primaryimage\"},\"image\":{\"@id\":\"https:\\\/\\\/epeakstudio.com\\\/fr\\\/a-propos-de\\\/convictions-et-valeurs\\\/politique-des-droits-de-lhomme\\\/#primaryimage\"},\"thumbnailUrl\":\"https:\\\/\\\/epeakstudio.com\\\/wp-content\\\/uploads\\\/2024\\\/01\\\/teamwork-collaboration.jpg\",\"datePublished\":\"2024-01-17T16:32:55+00:00\",\"dateModified\":\"2024-09-20T15:59:40+00:00\",\"description\":\"Politique des droits de l'homme d'EPEAK Studio. Lisez la suite pour en savoir plus sur notre politique en mati\u00e8re de droits de l'homme.\",\"breadcrumb\":{\"@id\":\"https:\\\/\\\/epeakstudio.com\\\/fr\\\/a-propos-de\\\/convictions-et-valeurs\\\/politique-des-droits-de-lhomme\\\/#breadcrumb\"},\"inLanguage\":\"fr-FR\",\"potentialAction\":[{\"@type\":\"ReadAction\",\"target\":[\"https:\\\/\\\/epeakstudio.com\\\/fr\\\/a-propos-de\\\/convictions-et-valeurs\\\/politique-des-droits-de-lhomme\\\/\"]}]},{\"@type\":\"ImageObject\",\"inLanguage\":\"fr-FR\",\"@id\":\"https:\\\/\\\/epeakstudio.com\\\/fr\\\/a-propos-de\\\/convictions-et-valeurs\\\/politique-des-droits-de-lhomme\\\/#primaryimage\",\"url\":\"https:\\\/\\\/epeakstudio.com\\\/wp-content\\\/uploads\\\/2024\\\/01\\\/teamwork-collaboration.jpg\",\"contentUrl\":\"https:\\\/\\\/epeakstudio.com\\\/wp-content\\\/uploads\\\/2024\\\/01\\\/teamwork-collaboration.jpg\",\"width\":1920,\"height\":1080},{\"@type\":\"BreadcrumbList\",\"@id\":\"https:\\\/\\\/epeakstudio.com\\\/fr\\\/a-propos-de\\\/convictions-et-valeurs\\\/politique-des-droits-de-lhomme\\\/#breadcrumb\",\"itemListElement\":[{\"@type\":\"ListItem\",\"position\":1,\"name\":\"Home\",\"item\":\"https:\\\/\\\/epeakstudio.com\\\/fr\\\/\"},{\"@type\":\"ListItem\",\"position\":2,\"name\":\"A propos\",\"item\":\"https:\\\/\\\/epeakstudio.com\\\/fr\\\/a-propos-de\\\/\"},{\"@type\":\"ListItem\",\"position\":3,\"name\":\"Convictions et valeurs\",\"item\":\"https:\\\/\\\/epeakstudio.com\\\/fr\\\/a-propos-de\\\/convictions-et-valeurs\\\/\"},{\"@type\":\"ListItem\",\"position\":4,\"name\":\"Politique des droits de l&rsquo;homme\"}]},{\"@type\":\"WebSite\",\"@id\":\"https:\\\/\\\/epeakstudio.com\\\/fr\\\/#website\",\"url\":\"https:\\\/\\\/epeakstudio.com\\\/fr\\\/\",\"name\":\"EPEAK Studio\",\"description\":\"Global 360 Event Agency - We Love Technology\",\"publisher\":{\"@id\":\"https:\\\/\\\/epeakstudio.com\\\/fr\\\/#organization\"},\"alternateName\":\"EPEAK\",\"potentialAction\":[{\"@type\":\"SearchAction\",\"target\":{\"@type\":\"EntryPoint\",\"urlTemplate\":\"https:\\\/\\\/epeakstudio.com\\\/fr\\\/?s={search_term_string}\"},\"query-input\":{\"@type\":\"PropertyValueSpecification\",\"valueRequired\":true,\"valueName\":\"search_term_string\"}}],\"inLanguage\":\"fr-FR\"},{\"@type\":\"Organization\",\"@id\":\"https:\\\/\\\/epeakstudio.com\\\/fr\\\/#organization\",\"name\":\"EPEAK Studio\",\"alternateName\":\"EPEAK\",\"url\":\"https:\\\/\\\/epeakstudio.com\\\/fr\\\/\",\"logo\":{\"@type\":\"ImageObject\",\"inLanguage\":\"fr-FR\",\"@id\":\"https:\\\/\\\/epeakstudio.com\\\/fr\\\/#\\\/schema\\\/logo\\\/image\\\/\",\"url\":\"https:\\\/\\\/epeakstudio.com\\\/wp-content\\\/uploads\\\/2020\\\/01\\\/Favicon-512px.png\",\"contentUrl\":\"https:\\\/\\\/epeakstudio.com\\\/wp-content\\\/uploads\\\/2020\\\/01\\\/Favicon-512px.png\",\"width\":512,\"height\":512,\"caption\":\"EPEAK Studio\"},\"image\":{\"@id\":\"https:\\\/\\\/epeakstudio.com\\\/fr\\\/#\\\/schema\\\/logo\\\/image\\\/\"},\"sameAs\":[\"https:\\\/\\\/www.linkedin.com\\\/company\\\/11373495\\\/\"]}]}<\/script>\n<!-- \/ Yoast SEO Premium plugin. -->","yoast_head_json":{"title":"Politique des droits de l'homme - EPEAK Studio","description":"Politique des droits de l'homme d'EPEAK Studio. Lisez la suite pour en savoir plus sur notre politique en mati\u00e8re de droits de l'homme.","robots":{"index":"index","follow":"follow","max-snippet":"max-snippet:-1","max-image-preview":"max-image-preview:large","max-video-preview":"max-video-preview:-1"},"canonical":"https:\/\/epeakstudio.com\/fr\/a-propos-de\/convictions-et-valeurs\/politique-des-droits-de-lhomme\/","og_locale":"fr_FR","og_type":"article","og_title":"Politique des droits de l'homme","og_description":"Politique des droits de l'homme d'EPEAK Studio. Lisez la suite pour en savoir plus sur notre politique en mati\u00e8re de droits de l'homme.","og_url":"https:\/\/epeakstudio.com\/fr\/a-propos-de\/convictions-et-valeurs\/politique-des-droits-de-lhomme\/","og_site_name":"EPEAK Studio","article_modified_time":"2024-09-20T15:59:40+00:00","og_image":[{"width":1920,"height":1080,"url":"https:\/\/epeakstudio.com\/wp-content\/uploads\/2024\/01\/teamwork-collaboration.jpg","type":"image\/jpeg"}],"twitter_card":"summary_large_image","twitter_misc":{"Dur\u00e9e de lecture estim\u00e9e":"4 minutes"},"schema":{"@context":"https:\/\/schema.org","@graph":[{"@type":"WebPage","@id":"https:\/\/epeakstudio.com\/fr\/a-propos-de\/convictions-et-valeurs\/politique-des-droits-de-lhomme\/","url":"https:\/\/epeakstudio.com\/fr\/a-propos-de\/convictions-et-valeurs\/politique-des-droits-de-lhomme\/","name":"Politique des droits de l'homme - EPEAK Studio","isPartOf":{"@id":"https:\/\/epeakstudio.com\/fr\/#website"},"primaryImageOfPage":{"@id":"https:\/\/epeakstudio.com\/fr\/a-propos-de\/convictions-et-valeurs\/politique-des-droits-de-lhomme\/#primaryimage"},"image":{"@id":"https:\/\/epeakstudio.com\/fr\/a-propos-de\/convictions-et-valeurs\/politique-des-droits-de-lhomme\/#primaryimage"},"thumbnailUrl":"https:\/\/epeakstudio.com\/wp-content\/uploads\/2024\/01\/teamwork-collaboration.jpg","datePublished":"2024-01-17T16:32:55+00:00","dateModified":"2024-09-20T15:59:40+00:00","description":"Politique des droits de l'homme d'EPEAK Studio. Lisez la suite pour en savoir plus sur notre politique en mati\u00e8re de droits de l'homme.","breadcrumb":{"@id":"https:\/\/epeakstudio.com\/fr\/a-propos-de\/convictions-et-valeurs\/politique-des-droits-de-lhomme\/#breadcrumb"},"inLanguage":"fr-FR","potentialAction":[{"@type":"ReadAction","target":["https:\/\/epeakstudio.com\/fr\/a-propos-de\/convictions-et-valeurs\/politique-des-droits-de-lhomme\/"]}]},{"@type":"ImageObject","inLanguage":"fr-FR","@id":"https:\/\/epeakstudio.com\/fr\/a-propos-de\/convictions-et-valeurs\/politique-des-droits-de-lhomme\/#primaryimage","url":"https:\/\/epeakstudio.com\/wp-content\/uploads\/2024\/01\/teamwork-collaboration.jpg","contentUrl":"https:\/\/epeakstudio.com\/wp-content\/uploads\/2024\/01\/teamwork-collaboration.jpg","width":1920,"height":1080},{"@type":"BreadcrumbList","@id":"https:\/\/epeakstudio.com\/fr\/a-propos-de\/convictions-et-valeurs\/politique-des-droits-de-lhomme\/#breadcrumb","itemListElement":[{"@type":"ListItem","position":1,"name":"Home","item":"https:\/\/epeakstudio.com\/fr\/"},{"@type":"ListItem","position":2,"name":"A propos","item":"https:\/\/epeakstudio.com\/fr\/a-propos-de\/"},{"@type":"ListItem","position":3,"name":"Convictions et valeurs","item":"https:\/\/epeakstudio.com\/fr\/a-propos-de\/convictions-et-valeurs\/"},{"@type":"ListItem","position":4,"name":"Politique des droits de l&rsquo;homme"}]},{"@type":"WebSite","@id":"https:\/\/epeakstudio.com\/fr\/#website","url":"https:\/\/epeakstudio.com\/fr\/","name":"EPEAK Studio","description":"Global 360 Event Agency - We Love Technology","publisher":{"@id":"https:\/\/epeakstudio.com\/fr\/#organization"},"alternateName":"EPEAK","potentialAction":[{"@type":"SearchAction","target":{"@type":"EntryPoint","urlTemplate":"https:\/\/epeakstudio.com\/fr\/?s={search_term_string}"},"query-input":{"@type":"PropertyValueSpecification","valueRequired":true,"valueName":"search_term_string"}}],"inLanguage":"fr-FR"},{"@type":"Organization","@id":"https:\/\/epeakstudio.com\/fr\/#organization","name":"EPEAK Studio","alternateName":"EPEAK","url":"https:\/\/epeakstudio.com\/fr\/","logo":{"@type":"ImageObject","inLanguage":"fr-FR","@id":"https:\/\/epeakstudio.com\/fr\/#\/schema\/logo\/image\/","url":"https:\/\/epeakstudio.com\/wp-content\/uploads\/2020\/01\/Favicon-512px.png","contentUrl":"https:\/\/epeakstudio.com\/wp-content\/uploads\/2020\/01\/Favicon-512px.png","width":512,"height":512,"caption":"EPEAK Studio"},"image":{"@id":"https:\/\/epeakstudio.com\/fr\/#\/schema\/logo\/image\/"},"sameAs":["https:\/\/www.linkedin.com\/company\/11373495\/"]}]}},"_links":{"self":[{"href":"https:\/\/epeakstudio.com\/fr\/wp-json\/wp\/v2\/pages\/24249","targetHints":{"allow":["GET"]}}],"collection":[{"href":"https:\/\/epeakstudio.com\/fr\/wp-json\/wp\/v2\/pages"}],"about":[{"href":"https:\/\/epeakstudio.com\/fr\/wp-json\/wp\/v2\/types\/page"}],"author":[{"embeddable":true,"href":"https:\/\/epeakstudio.com\/fr\/wp-json\/wp\/v2\/users\/1"}],"replies":[{"embeddable":true,"href":"https:\/\/epeakstudio.com\/fr\/wp-json\/wp\/v2\/comments?post=24249"}],"version-history":[{"count":0,"href":"https:\/\/epeakstudio.com\/fr\/wp-json\/wp\/v2\/pages\/24249\/revisions"}],"up":[{"embeddable":true,"href":"https:\/\/epeakstudio.com\/fr\/wp-json\/wp\/v2\/pages\/24246"}],"wp:featuredmedia":[{"embeddable":true,"href":"https:\/\/epeakstudio.com\/fr\/wp-json\/wp\/v2\/media\/24251"}],"wp:attachment":[{"href":"https:\/\/epeakstudio.com\/fr\/wp-json\/wp\/v2\/media?parent=24249"}],"curies":[{"name":"wp","href":"https:\/\/api.w.org\/{rel}","templated":true}]}}