{"id":24246,"date":"2024-01-17T15:15:04","date_gmt":"2024-01-17T15:15:04","guid":{"rendered":"https:\/\/epeakstudio.com\/convictions-et-valeurs\/"},"modified":"2024-10-29T20:15:54","modified_gmt":"2024-10-29T20:15:54","slug":"convictions-et-valeurs","status":"publish","type":"page","link":"https:\/\/epeakstudio.com\/fr\/a-propos-de\/convictions-et-valeurs\/","title":{"rendered":"Convictions et valeurs"},"content":{"rendered":"\t\t<div data-elementor-type=\"wp-page\" data-elementor-id=\"24246\" class=\"elementor elementor-24246 elementor-42\" data-elementor-post-type=\"page\">\n\t\t\t\t<div class=\"elementor-element elementor-element-76c0023 e-flex e-con-boxed e-con e-parent\" data-id=\"76c0023\" data-element_type=\"container\" data-e-type=\"container\">\n\t\t\t\t\t<div class=\"e-con-inner\">\n\t\t\t\t<div class=\"elementor-element elementor-element-1a12543 elementor-widget elementor-widget-spacer\" data-id=\"1a12543\" data-element_type=\"widget\" data-e-type=\"widget\" data-widget_type=\"spacer.default\">\n\t\t\t\t\t\t\t<div class=\"elementor-spacer\">\n\t\t\t<div class=\"elementor-spacer-inner\"><\/div>\n\t\t<\/div>\n\t\t\t\t\t\t<\/div>\n\t\t\t\t<div class=\"elementor-element elementor-element-acdc278 elementor-widget elementor-widget-heading\" data-id=\"acdc278\" data-element_type=\"widget\" data-e-type=\"widget\" data-widget_type=\"heading.default\">\n\t\t\t\t\t<h1 class=\"elementor-heading-title elementor-size-default\">Convictions et valeurs<\/h1>\t\t\t\t<\/div>\n\t\t\t\t<div class=\"elementor-element elementor-element-d95cfed elementor-widget elementor-widget-text-editor\" data-id=\"d95cfed\" data-element_type=\"widget\" data-e-type=\"widget\" data-widget_type=\"text-editor.default\">\n\t\t\t\t\t\t\t\t\t<p>Chez EPEAK Studio, nous sommes fiers d&rsquo;\u00eatre une agence \u00e9v\u00e9nementielle d&rsquo;envergure mondiale, engag\u00e9e \u00e0 favoriser un environnement de travail inclusif et responsable.<\/p>\n<p>Nos convictions et nos valeurs fondamentales se refl\u00e8tent dans notre engagement en faveur de la diversit\u00e9 et de l&rsquo;inclusion, de la responsabilit\u00e9 sociale des entreprises (RSE) et des droits de l&rsquo;homme. Nous pensons qu&rsquo;en adoptant ces principes, nous pouvons cr\u00e9er des exp\u00e9riences significatives et percutantes pour nos clients et leurs publics. <\/p>\n<p>Nos politiques en mati\u00e8re de diversit\u00e9 et d&rsquo;inclusion, de RSE et de droits de l&rsquo;homme guident nos actions et nos d\u00e9cisions, en veillant \u00e0 ce que nous agissions de mani\u00e8re \u00e9thique et durable. Nous vous invitons \u00e0 consulter ces politiques pour en savoir plus sur notre engagement \u00e0 faire une diff\u00e9rence positive dans le monde. <\/p>\n\t\t\t\t\t\t\t\t<\/div>\n\t\t\t\t<div class=\"elementor-element elementor-element-8e2f87f elementor-widget elementor-widget-spacer\" data-id=\"8e2f87f\" data-element_type=\"widget\" data-e-type=\"widget\" data-widget_type=\"spacer.default\">\n\t\t\t\t\t\t\t<div class=\"elementor-spacer\">\n\t\t\t<div class=\"elementor-spacer-inner\"><\/div>\n\t\t<\/div>\n\t\t\t\t\t\t<\/div>\n\t\t\t\t\t<\/div>\n\t\t\t\t<\/div>\n\t\t<div class=\"elementor-element elementor-element-e68ed4f e-flex e-con-boxed e-con e-parent\" data-id=\"e68ed4f\" data-element_type=\"container\" data-e-type=\"container\">\n\t\t\t\t\t<div class=\"e-con-inner\">\n\t\t<div class=\"elementor-element elementor-element-aaa4b0c e-con-full e-flex e-con e-child\" data-id=\"aaa4b0c\" data-element_type=\"container\" data-e-type=\"container\">\n\t\t\t\t<div class=\"elementor-element elementor-element-81d9719 elementor-widget elementor-widget-image\" data-id=\"81d9719\" data-element_type=\"widget\" data-e-type=\"widget\" data-widget_type=\"image.default\">\n\t\t\t\t\t\t\t\t\t\t\t\t\t\t\t<img fetchpriority=\"high\" decoding=\"async\" width=\"800\" height=\"450\" src=\"https:\/\/epeakstudio.com\/wp-content\/uploads\/2024\/01\/csr-environment-1024x576.jpg\" class=\"attachment-large size-large wp-image-24719\" alt=\"\" srcset=\"https:\/\/epeakstudio.com\/wp-content\/uploads\/2024\/01\/csr-environment-1024x576.jpg 1024w, https:\/\/epeakstudio.com\/wp-content\/uploads\/2024\/01\/csr-environment-300x169.jpg 300w, https:\/\/epeakstudio.com\/wp-content\/uploads\/2024\/01\/csr-environment-768x432.jpg 768w, https:\/\/epeakstudio.com\/wp-content\/uploads\/2024\/01\/csr-environment-1536x864.jpg 1536w, https:\/\/epeakstudio.com\/wp-content\/uploads\/2024\/01\/csr-environment.jpg 1920w\" sizes=\"(max-width: 800px) 100vw, 800px\" loading=\"eager\" \/>\t\t\t\t\t\t\t\t\t\t\t\t\t\t\t<\/div>\n\t\t\t\t<div class=\"elementor-element elementor-element-66a3da9 elementor-widget elementor-widget-heading\" data-id=\"66a3da9\" data-element_type=\"widget\" data-e-type=\"widget\" data-widget_type=\"heading.default\">\n\t\t\t\t\t<h3 class=\"elementor-heading-title elementor-size-default\">Responsabilit\u00e9 sociale des entreprises<\/h3>\t\t\t\t<\/div>\n\t\t\t\t<div class=\"elementor-element elementor-element-c96d654 elementor-widget elementor-widget-text-editor\" data-id=\"c96d654\" data-element_type=\"widget\" data-e-type=\"widget\" data-widget_type=\"text-editor.default\">\n\t\t\t\t\t\t\t\t\t<p>Notre politique en mati\u00e8re de RSE d\u00e9crit notre engagement en faveur de pratiques commerciales \u00e9thiques, de la durabilit\u00e9 environnementale et de l&rsquo;engagement communautaire, afin de garantir que nous ayons un impact positif sur la soci\u00e9t\u00e9 et la plan\u00e8te.<\/p>\n\t\t\t\t\t\t\t\t<\/div>\n\t\t\t\t<div class=\"elementor-element elementor-element-67f9114 elementor-widget elementor-widget-button\" data-id=\"67f9114\" data-element_type=\"widget\" data-e-type=\"widget\" data-widget_type=\"button.default\">\n\t\t\t\t\t\t\t\t\t\t<a class=\"elementor-button elementor-button-link elementor-size-sm\" href=\"https:\/\/epeakstudio.com\/fr\/a-propos-de\/convictions-et-valeurs\/politique-de-responsabilite-sociale-des-entreprises\/\">\n\t\t\t\t\t\t<span class=\"elementor-button-content-wrapper\">\n\t\t\t\t\t\t\t\t\t<span class=\"elementor-button-text\">Consulter la politique<\/span>\n\t\t\t\t\t<\/span>\n\t\t\t\t\t<\/a>\n\t\t\t\t\t\t\t\t<\/div>\n\t\t\t\t<\/div>\n\t\t<div class=\"elementor-element elementor-element-0d91bef e-con-full e-flex e-con e-child\" data-id=\"0d91bef\" data-element_type=\"container\" data-e-type=\"container\">\n\t\t\t\t<div class=\"elementor-element elementor-element-6038b0e elementor-widget elementor-widget-image\" data-id=\"6038b0e\" data-element_type=\"widget\" data-e-type=\"widget\" data-widget_type=\"image.default\">\n\t\t\t\t\t\t\t\t\t\t\t\t\t\t\t<img decoding=\"async\" width=\"800\" height=\"450\" src=\"https:\/\/epeakstudio.com\/wp-content\/uploads\/2024\/01\/teamwork-collaboration-1024x576.jpg\" class=\"attachment-large size-large wp-image-24251\" alt=\"\" srcset=\"https:\/\/epeakstudio.com\/wp-content\/uploads\/2024\/01\/teamwork-collaboration-1024x576.jpg 1024w, https:\/\/epeakstudio.com\/wp-content\/uploads\/2024\/01\/teamwork-collaboration-300x169.jpg 300w, https:\/\/epeakstudio.com\/wp-content\/uploads\/2024\/01\/teamwork-collaboration-768x432.jpg 768w, https:\/\/epeakstudio.com\/wp-content\/uploads\/2024\/01\/teamwork-collaboration-1536x864.jpg 1536w, https:\/\/epeakstudio.com\/wp-content\/uploads\/2024\/01\/teamwork-collaboration.jpg 1920w\" sizes=\"(max-width: 800px) 100vw, 800px\" loading=\"eager\" \/>\t\t\t\t\t\t\t\t\t\t\t\t\t\t\t<\/div>\n\t\t\t\t<div class=\"elementor-element elementor-element-0c5cecc elementor-widget elementor-widget-heading\" data-id=\"0c5cecc\" data-element_type=\"widget\" data-e-type=\"widget\" data-widget_type=\"heading.default\">\n\t\t\t\t\t<h3 class=\"elementor-heading-title elementor-size-default\">Droits de l'homme<\/h3>\t\t\t\t<\/div>\n\t\t\t\t<div class=\"elementor-element elementor-element-43fd181 elementor-widget elementor-widget-text-editor\" data-id=\"43fd181\" data-element_type=\"widget\" data-e-type=\"widget\" data-widget_type=\"text-editor.default\">\n\t\t\t\t\t\t\t\t\t<p>Notre politique en mati\u00e8re de droits de l&rsquo;homme affirme notre engagement \u00e0 d\u00e9fendre les droits et libert\u00e9s fondamentaux de tous les individus, tant au sein de notre organisation que dans les communaut\u00e9s que nous servons.<\/p>\n\t\t\t\t\t\t\t\t<\/div>\n\t\t\t\t<div class=\"elementor-element elementor-element-51fa14c elementor-widget elementor-widget-button\" data-id=\"51fa14c\" data-element_type=\"widget\" data-e-type=\"widget\" data-widget_type=\"button.default\">\n\t\t\t\t\t\t\t\t\t\t<a class=\"elementor-button elementor-button-link elementor-size-sm\" href=\"https:\/\/epeakstudio.com\/fr\/a-propos-de\/convictions-et-valeurs\/politique-des-droits-de-lhomme\/\">\n\t\t\t\t\t\t<span class=\"elementor-button-content-wrapper\">\n\t\t\t\t\t\t\t\t\t<span class=\"elementor-button-text\">Consulter la politique<\/span>\n\t\t\t\t\t<\/span>\n\t\t\t\t\t<\/a>\n\t\t\t\t\t\t\t\t<\/div>\n\t\t\t\t<\/div>\n\t\t<div class=\"elementor-element elementor-element-1dc0b74 e-con-full e-flex e-con e-child\" data-id=\"1dc0b74\" data-element_type=\"container\" data-e-type=\"container\">\n\t\t\t\t<div class=\"elementor-element elementor-element-ea6ff94 elementor-widget elementor-widget-image\" data-id=\"ea6ff94\" data-element_type=\"widget\" data-e-type=\"widget\" data-widget_type=\"image.default\">\n\t\t\t\t\t\t\t\t\t\t\t\t\t\t\t<img decoding=\"async\" width=\"800\" height=\"450\" src=\"https:\/\/epeakstudio.com\/wp-content\/uploads\/2024\/01\/diversity-inclusion-1024x576.jpg\" class=\"attachment-large size-large wp-image-24718\" alt=\"\" srcset=\"https:\/\/epeakstudio.com\/wp-content\/uploads\/2024\/01\/diversity-inclusion-1024x576.jpg 1024w, https:\/\/epeakstudio.com\/wp-content\/uploads\/2024\/01\/diversity-inclusion-300x169.jpg 300w, https:\/\/epeakstudio.com\/wp-content\/uploads\/2024\/01\/diversity-inclusion-768x432.jpg 768w, https:\/\/epeakstudio.com\/wp-content\/uploads\/2024\/01\/diversity-inclusion-1536x864.jpg 1536w, https:\/\/epeakstudio.com\/wp-content\/uploads\/2024\/01\/diversity-inclusion.jpg 1920w\" sizes=\"(max-width: 800px) 100vw, 800px\" loading=\"eager\" \/>\t\t\t\t\t\t\t\t\t\t\t\t\t\t\t<\/div>\n\t\t\t\t<div class=\"elementor-element elementor-element-f04bd60 elementor-widget elementor-widget-heading\" data-id=\"f04bd60\" data-element_type=\"widget\" data-e-type=\"widget\" data-widget_type=\"heading.default\">\n\t\t\t\t\t<h3 class=\"elementor-heading-title elementor-size-default\">Diversit\u00e9 et inclusion<\/h3>\t\t\t\t<\/div>\n\t\t\t\t<div class=\"elementor-element elementor-element-b423c5d elementor-widget elementor-widget-text-editor\" data-id=\"b423c5d\" data-element_type=\"widget\" data-e-type=\"widget\" data-widget_type=\"text-editor.default\">\n\t\t\t\t\t\t\t\t\t<p>Notre politique en mati\u00e8re de diversit\u00e9 et d&rsquo;inclusion garantit que nous favorisons un environnement de travail o\u00f9 chaque individu se sent valoris\u00e9, respect\u00e9 et encourag\u00e9 \u00e0 contribuer avec ses perspectives et talents uniques.<\/p>\n\t\t\t\t\t\t\t\t<\/div>\n\t\t\t\t<div class=\"elementor-element elementor-element-671cf7e elementor-widget elementor-widget-button\" data-id=\"671cf7e\" data-element_type=\"widget\" data-e-type=\"widget\" data-widget_type=\"button.default\">\n\t\t\t\t\t\t\t\t\t\t<a class=\"elementor-button elementor-button-link elementor-size-sm\" href=\"https:\/\/epeakstudio.com\/fr\/a-propos-de\/convictions-et-valeurs\/politique-de-diversite-et-dinclusion\/\">\n\t\t\t\t\t\t<span class=\"elementor-button-content-wrapper\">\n\t\t\t\t\t\t\t\t\t<span class=\"elementor-button-text\">Consulter la politique<\/span>\n\t\t\t\t\t<\/span>\n\t\t\t\t\t<\/a>\n\t\t\t\t\t\t\t\t<\/div>\n\t\t\t\t<\/div>\n\t\t\t\t\t<\/div>\n\t\t\t\t<\/div>\n\t\t<div class=\"elementor-element elementor-element-6ff7788 e-flex e-con-boxed e-con e-parent\" data-id=\"6ff7788\" data-element_type=\"container\" data-e-type=\"container\">\n\t\t\t\t\t<div class=\"e-con-inner\">\n\t\t\t\t<div class=\"elementor-element elementor-element-16c7c3c elementor-widget elementor-widget-spacer\" data-id=\"16c7c3c\" data-element_type=\"widget\" data-e-type=\"widget\" data-widget_type=\"spacer.default\">\n\t\t\t\t\t\t\t<div class=\"elementor-spacer\">\n\t\t\t<div class=\"elementor-spacer-inner\"><\/div>\n\t\t<\/div>\n\t\t\t\t\t\t<\/div>\n\t\t\t\t\t<\/div>\n\t\t\t\t<\/div>\n\t\t\t\t<\/div>\n\t\t","protected":false},"excerpt":{"rendered":"<p>Convictions et valeurs Chez EPEAK Studio, nous sommes fiers d&rsquo;\u00eatre une agence \u00e9v\u00e9nementielle d&rsquo;envergure mondiale, engag\u00e9e \u00e0 favoriser un environnement de travail inclusif et responsable. Nos convictions et nos valeurs fondamentales se refl\u00e8tent dans notre engagement en faveur de la diversit\u00e9 et de l&rsquo;inclusion, de la responsabilit\u00e9 sociale des entreprises (RSE) et des droits de [&hellip;]<\/p>\n","protected":false},"author":1,"featured_media":24247,"parent":24250,"menu_order":0,"comment_status":"closed","ping_status":"closed","template":"","meta":{"footnotes":""},"class_list":["post-24246","page","type-page","status-publish","has-post-thumbnail","hentry"],"yoast_head":"<!-- This site is optimized with the Yoast SEO Premium plugin v21.8 (Yoast SEO v27.4) - https:\/\/yoast.com\/product\/yoast-seo-premium-wordpress\/ -->\n<title>Convictions et valeurs - EPEAK Studio<\/title>\n<meta name=\"description\" content=\"Croyances et valeurs qui sont importantes pour nous \u00e0 EPEAK Studio. Nous croyons en l&#039;int\u00e9grit\u00e9, l&#039;inclusion, la diversit\u00e9, les droits de l&#039;homme et plus encore.\" \/>\n<meta name=\"robots\" content=\"index, follow, max-snippet:-1, max-image-preview:large, max-video-preview:-1\" \/>\n<link rel=\"canonical\" href=\"https:\/\/epeakstudio.com\/fr\/a-propos-de\/convictions-et-valeurs\/\" \/>\n<meta property=\"og:locale\" content=\"fr_FR\" \/>\n<meta property=\"og:type\" content=\"article\" \/>\n<meta property=\"og:title\" content=\"Convictions et valeurs\" \/>\n<meta property=\"og:description\" content=\"Croyances et valeurs qui sont importantes pour nous \u00e0 EPEAK Studio. Nous croyons en l&#039;int\u00e9grit\u00e9, l&#039;inclusion, la diversit\u00e9, les droits de l&#039;homme et plus encore.\" \/>\n<meta property=\"og:url\" content=\"https:\/\/epeakstudio.com\/fr\/a-propos-de\/convictions-et-valeurs\/\" \/>\n<meta property=\"og:site_name\" content=\"EPEAK Studio\" \/>\n<meta property=\"article:modified_time\" content=\"2024-10-29T20:15:54+00:00\" \/>\n<meta property=\"og:image\" content=\"https:\/\/epeakstudio.com\/wp-content\/uploads\/2024\/02\/handshake-finding-suppliers.jpg\" \/>\n\t<meta property=\"og:image:width\" content=\"1920\" \/>\n\t<meta property=\"og:image:height\" content=\"1080\" \/>\n\t<meta property=\"og:image:type\" content=\"image\/jpeg\" \/>\n<meta name=\"twitter:card\" content=\"summary_large_image\" \/>\n<meta name=\"twitter:label1\" content=\"Dur\u00e9e de lecture estim\u00e9e\" \/>\n\t<meta name=\"twitter:data1\" content=\"1 minute\" \/>\n<script type=\"application\/ld+json\" class=\"yoast-schema-graph\">{\"@context\":\"https:\\\/\\\/schema.org\",\"@graph\":[{\"@type\":\"WebPage\",\"@id\":\"https:\\\/\\\/epeakstudio.com\\\/fr\\\/a-propos-de\\\/convictions-et-valeurs\\\/\",\"url\":\"https:\\\/\\\/epeakstudio.com\\\/fr\\\/a-propos-de\\\/convictions-et-valeurs\\\/\",\"name\":\"Convictions et valeurs - EPEAK Studio\",\"isPartOf\":{\"@id\":\"https:\\\/\\\/epeakstudio.com\\\/fr\\\/#website\"},\"primaryImageOfPage\":{\"@id\":\"https:\\\/\\\/epeakstudio.com\\\/fr\\\/a-propos-de\\\/convictions-et-valeurs\\\/#primaryimage\"},\"image\":{\"@id\":\"https:\\\/\\\/epeakstudio.com\\\/fr\\\/a-propos-de\\\/convictions-et-valeurs\\\/#primaryimage\"},\"thumbnailUrl\":\"https:\\\/\\\/epeakstudio.com\\\/wp-content\\\/uploads\\\/2024\\\/02\\\/handshake-finding-suppliers.jpg\",\"datePublished\":\"2024-01-17T15:15:04+00:00\",\"dateModified\":\"2024-10-29T20:15:54+00:00\",\"description\":\"Croyances et valeurs qui sont importantes pour nous \u00e0 EPEAK Studio. Nous croyons en l'int\u00e9grit\u00e9, l'inclusion, la diversit\u00e9, les droits de l'homme et plus encore.\",\"breadcrumb\":{\"@id\":\"https:\\\/\\\/epeakstudio.com\\\/fr\\\/a-propos-de\\\/convictions-et-valeurs\\\/#breadcrumb\"},\"inLanguage\":\"fr-FR\",\"potentialAction\":[{\"@type\":\"ReadAction\",\"target\":[\"https:\\\/\\\/epeakstudio.com\\\/fr\\\/a-propos-de\\\/convictions-et-valeurs\\\/\"]}]},{\"@type\":\"ImageObject\",\"inLanguage\":\"fr-FR\",\"@id\":\"https:\\\/\\\/epeakstudio.com\\\/fr\\\/a-propos-de\\\/convictions-et-valeurs\\\/#primaryimage\",\"url\":\"https:\\\/\\\/epeakstudio.com\\\/wp-content\\\/uploads\\\/2024\\\/02\\\/handshake-finding-suppliers.jpg\",\"contentUrl\":\"https:\\\/\\\/epeakstudio.com\\\/wp-content\\\/uploads\\\/2024\\\/02\\\/handshake-finding-suppliers.jpg\",\"width\":1920,\"height\":1080},{\"@type\":\"BreadcrumbList\",\"@id\":\"https:\\\/\\\/epeakstudio.com\\\/fr\\\/a-propos-de\\\/convictions-et-valeurs\\\/#breadcrumb\",\"itemListElement\":[{\"@type\":\"ListItem\",\"position\":1,\"name\":\"Home\",\"item\":\"https:\\\/\\\/epeakstudio.com\\\/fr\\\/\"},{\"@type\":\"ListItem\",\"position\":2,\"name\":\"A propos\",\"item\":\"https:\\\/\\\/epeakstudio.com\\\/fr\\\/a-propos-de\\\/\"},{\"@type\":\"ListItem\",\"position\":3,\"name\":\"Convictions et valeurs\"}]},{\"@type\":\"WebSite\",\"@id\":\"https:\\\/\\\/epeakstudio.com\\\/fr\\\/#website\",\"url\":\"https:\\\/\\\/epeakstudio.com\\\/fr\\\/\",\"name\":\"EPEAK Studio\",\"description\":\"Global 360 Event Agency - We Love Technology\",\"publisher\":{\"@id\":\"https:\\\/\\\/epeakstudio.com\\\/fr\\\/#organization\"},\"alternateName\":\"EPEAK\",\"potentialAction\":[{\"@type\":\"SearchAction\",\"target\":{\"@type\":\"EntryPoint\",\"urlTemplate\":\"https:\\\/\\\/epeakstudio.com\\\/fr\\\/?s={search_term_string}\"},\"query-input\":{\"@type\":\"PropertyValueSpecification\",\"valueRequired\":true,\"valueName\":\"search_term_string\"}}],\"inLanguage\":\"fr-FR\"},{\"@type\":\"Organization\",\"@id\":\"https:\\\/\\\/epeakstudio.com\\\/fr\\\/#organization\",\"name\":\"EPEAK Studio\",\"alternateName\":\"EPEAK\",\"url\":\"https:\\\/\\\/epeakstudio.com\\\/fr\\\/\",\"logo\":{\"@type\":\"ImageObject\",\"inLanguage\":\"fr-FR\",\"@id\":\"https:\\\/\\\/epeakstudio.com\\\/fr\\\/#\\\/schema\\\/logo\\\/image\\\/\",\"url\":\"https:\\\/\\\/epeakstudio.com\\\/wp-content\\\/uploads\\\/2020\\\/01\\\/Favicon-512px.png\",\"contentUrl\":\"https:\\\/\\\/epeakstudio.com\\\/wp-content\\\/uploads\\\/2020\\\/01\\\/Favicon-512px.png\",\"width\":512,\"height\":512,\"caption\":\"EPEAK Studio\"},\"image\":{\"@id\":\"https:\\\/\\\/epeakstudio.com\\\/fr\\\/#\\\/schema\\\/logo\\\/image\\\/\"},\"sameAs\":[\"https:\\\/\\\/www.linkedin.com\\\/company\\\/11373495\\\/\"]}]}<\/script>\n<!-- \/ Yoast SEO Premium plugin. -->","yoast_head_json":{"title":"Convictions et valeurs - EPEAK Studio","description":"Croyances et valeurs qui sont importantes pour nous \u00e0 EPEAK Studio. Nous croyons en l'int\u00e9grit\u00e9, l'inclusion, la diversit\u00e9, les droits de l'homme et plus encore.","robots":{"index":"index","follow":"follow","max-snippet":"max-snippet:-1","max-image-preview":"max-image-preview:large","max-video-preview":"max-video-preview:-1"},"canonical":"https:\/\/epeakstudio.com\/fr\/a-propos-de\/convictions-et-valeurs\/","og_locale":"fr_FR","og_type":"article","og_title":"Convictions et valeurs","og_description":"Croyances et valeurs qui sont importantes pour nous \u00e0 EPEAK Studio. Nous croyons en l'int\u00e9grit\u00e9, l'inclusion, la diversit\u00e9, les droits de l'homme et plus encore.","og_url":"https:\/\/epeakstudio.com\/fr\/a-propos-de\/convictions-et-valeurs\/","og_site_name":"EPEAK Studio","article_modified_time":"2024-10-29T20:15:54+00:00","og_image":[{"width":1920,"height":1080,"url":"https:\/\/epeakstudio.com\/wp-content\/uploads\/2024\/02\/handshake-finding-suppliers.jpg","type":"image\/jpeg"}],"twitter_card":"summary_large_image","twitter_misc":{"Dur\u00e9e de lecture estim\u00e9e":"1 minute"},"schema":{"@context":"https:\/\/schema.org","@graph":[{"@type":"WebPage","@id":"https:\/\/epeakstudio.com\/fr\/a-propos-de\/convictions-et-valeurs\/","url":"https:\/\/epeakstudio.com\/fr\/a-propos-de\/convictions-et-valeurs\/","name":"Convictions et valeurs - EPEAK Studio","isPartOf":{"@id":"https:\/\/epeakstudio.com\/fr\/#website"},"primaryImageOfPage":{"@id":"https:\/\/epeakstudio.com\/fr\/a-propos-de\/convictions-et-valeurs\/#primaryimage"},"image":{"@id":"https:\/\/epeakstudio.com\/fr\/a-propos-de\/convictions-et-valeurs\/#primaryimage"},"thumbnailUrl":"https:\/\/epeakstudio.com\/wp-content\/uploads\/2024\/02\/handshake-finding-suppliers.jpg","datePublished":"2024-01-17T15:15:04+00:00","dateModified":"2024-10-29T20:15:54+00:00","description":"Croyances et valeurs qui sont importantes pour nous \u00e0 EPEAK Studio. Nous croyons en l'int\u00e9grit\u00e9, l'inclusion, la diversit\u00e9, les droits de l'homme et plus encore.","breadcrumb":{"@id":"https:\/\/epeakstudio.com\/fr\/a-propos-de\/convictions-et-valeurs\/#breadcrumb"},"inLanguage":"fr-FR","potentialAction":[{"@type":"ReadAction","target":["https:\/\/epeakstudio.com\/fr\/a-propos-de\/convictions-et-valeurs\/"]}]},{"@type":"ImageObject","inLanguage":"fr-FR","@id":"https:\/\/epeakstudio.com\/fr\/a-propos-de\/convictions-et-valeurs\/#primaryimage","url":"https:\/\/epeakstudio.com\/wp-content\/uploads\/2024\/02\/handshake-finding-suppliers.jpg","contentUrl":"https:\/\/epeakstudio.com\/wp-content\/uploads\/2024\/02\/handshake-finding-suppliers.jpg","width":1920,"height":1080},{"@type":"BreadcrumbList","@id":"https:\/\/epeakstudio.com\/fr\/a-propos-de\/convictions-et-valeurs\/#breadcrumb","itemListElement":[{"@type":"ListItem","position":1,"name":"Home","item":"https:\/\/epeakstudio.com\/fr\/"},{"@type":"ListItem","position":2,"name":"A propos","item":"https:\/\/epeakstudio.com\/fr\/a-propos-de\/"},{"@type":"ListItem","position":3,"name":"Convictions et valeurs"}]},{"@type":"WebSite","@id":"https:\/\/epeakstudio.com\/fr\/#website","url":"https:\/\/epeakstudio.com\/fr\/","name":"EPEAK Studio","description":"Global 360 Event Agency - We Love Technology","publisher":{"@id":"https:\/\/epeakstudio.com\/fr\/#organization"},"alternateName":"EPEAK","potentialAction":[{"@type":"SearchAction","target":{"@type":"EntryPoint","urlTemplate":"https:\/\/epeakstudio.com\/fr\/?s={search_term_string}"},"query-input":{"@type":"PropertyValueSpecification","valueRequired":true,"valueName":"search_term_string"}}],"inLanguage":"fr-FR"},{"@type":"Organization","@id":"https:\/\/epeakstudio.com\/fr\/#organization","name":"EPEAK Studio","alternateName":"EPEAK","url":"https:\/\/epeakstudio.com\/fr\/","logo":{"@type":"ImageObject","inLanguage":"fr-FR","@id":"https:\/\/epeakstudio.com\/fr\/#\/schema\/logo\/image\/","url":"https:\/\/epeakstudio.com\/wp-content\/uploads\/2020\/01\/Favicon-512px.png","contentUrl":"https:\/\/epeakstudio.com\/wp-content\/uploads\/2020\/01\/Favicon-512px.png","width":512,"height":512,"caption":"EPEAK Studio"},"image":{"@id":"https:\/\/epeakstudio.com\/fr\/#\/schema\/logo\/image\/"},"sameAs":["https:\/\/www.linkedin.com\/company\/11373495\/"]}]}},"_links":{"self":[{"href":"https:\/\/epeakstudio.com\/fr\/wp-json\/wp\/v2\/pages\/24246","targetHints":{"allow":["GET"]}}],"collection":[{"href":"https:\/\/epeakstudio.com\/fr\/wp-json\/wp\/v2\/pages"}],"about":[{"href":"https:\/\/epeakstudio.com\/fr\/wp-json\/wp\/v2\/types\/page"}],"author":[{"embeddable":true,"href":"https:\/\/epeakstudio.com\/fr\/wp-json\/wp\/v2\/users\/1"}],"replies":[{"embeddable":true,"href":"https:\/\/epeakstudio.com\/fr\/wp-json\/wp\/v2\/comments?post=24246"}],"version-history":[{"count":2,"href":"https:\/\/epeakstudio.com\/fr\/wp-json\/wp\/v2\/pages\/24246\/revisions"}],"predecessor-version":[{"id":25417,"href":"https:\/\/epeakstudio.com\/fr\/wp-json\/wp\/v2\/pages\/24246\/revisions\/25417"}],"up":[{"embeddable":true,"href":"https:\/\/epeakstudio.com\/fr\/wp-json\/wp\/v2\/pages\/24250"}],"wp:featuredmedia":[{"embeddable":true,"href":"https:\/\/epeakstudio.com\/fr\/wp-json\/wp\/v2\/media\/24247"}],"wp:attachment":[{"href":"https:\/\/epeakstudio.com\/fr\/wp-json\/wp\/v2\/media?parent=24246"}],"curies":[{"name":"wp","href":"https:\/\/api.w.org\/{rel}","templated":true}]}}