{"id":24236,"date":"2024-01-25T18:02:44","date_gmt":"2024-01-25T18:02:44","guid":{"rendered":"https:\/\/epeakstudio.com\/lieux-de-reunion\/"},"modified":"2024-09-20T15:59:31","modified_gmt":"2024-09-20T15:59:31","slug":"lieux-de-reunion","status":"publish","type":"page","link":"https:\/\/epeakstudio.com\/fr\/lieux-de-reunion\/","title":{"rendered":"Lieux de r\u00e9union"},"content":{"rendered":"","protected":false},"excerpt":{"rendered":"","protected":false},"author":1,"featured_media":24241,"parent":0,"menu_order":0,"comment_status":"closed","ping_status":"closed","template":"","meta":{"footnotes":""},"class_list":["post-24236","page","type-page","status-publish","has-post-thumbnail","hentry"],"yoast_head":"<!-- This site is optimized with the Yoast SEO Premium plugin v21.8 (Yoast SEO v27.3) - https:\/\/yoast.com\/product\/yoast-seo-premium-wordpress\/ -->\n<title>Lieux de r\u00e9union - EPEAK Studio<\/title>\n<meta name=\"description\" content=\"Choisir le bon lieu d&#039;\u00e9v\u00e9nement peut s&#039;av\u00e9rer difficile. Parcourez notre s\u00e9lection de lieux d&#039;\u00e9v\u00e9nements et voyez comment ils peuvent s&#039;adapter \u00e0 votre projet.\" \/>\n<meta name=\"robots\" content=\"index, follow, max-snippet:-1, max-image-preview:large, max-video-preview:-1\" \/>\n<link rel=\"canonical\" href=\"https:\/\/epeakstudio.com\/fr\/lieux-de-reunion\/\" \/>\n<meta property=\"og:locale\" content=\"fr_FR\" \/>\n<meta property=\"og:type\" content=\"article\" \/>\n<meta property=\"og:title\" content=\"Lieux de r\u00e9union\" \/>\n<meta property=\"og:description\" content=\"Choisir le bon lieu d&#039;\u00e9v\u00e9nement peut s&#039;av\u00e9rer difficile. Parcourez notre s\u00e9lection de lieux d&#039;\u00e9v\u00e9nements et voyez comment ils peuvent s&#039;adapter \u00e0 votre projet.\" \/>\n<meta property=\"og:url\" content=\"https:\/\/epeakstudio.com\/fr\/lieux-de-reunion\/\" \/>\n<meta property=\"og:site_name\" content=\"EPEAK Studio\" \/>\n<meta property=\"article:modified_time\" content=\"2024-09-20T15:59:31+00:00\" \/>\n<meta property=\"og:image\" content=\"https:\/\/epeakstudio.com\/wp-content\/uploads\/2024\/03\/Leonardo-Royal-Hotel-St-Pauls.jpg\" \/>\n\t<meta property=\"og:image:width\" content=\"1920\" \/>\n\t<meta property=\"og:image:height\" content=\"1080\" \/>\n\t<meta property=\"og:image:type\" content=\"image\/jpeg\" \/>\n<meta name=\"twitter:card\" content=\"summary_large_image\" \/>\n<script type=\"application\/ld+json\" class=\"yoast-schema-graph\">{\"@context\":\"https:\\\/\\\/schema.org\",\"@graph\":[{\"@type\":\"WebPage\",\"@id\":\"https:\\\/\\\/epeakstudio.com\\\/fr\\\/lieux-de-reunion\\\/\",\"url\":\"https:\\\/\\\/epeakstudio.com\\\/fr\\\/lieux-de-reunion\\\/\",\"name\":\"Lieux de r\u00e9union - EPEAK Studio\",\"isPartOf\":{\"@id\":\"https:\\\/\\\/epeakstudio.com\\\/fr\\\/#website\"},\"primaryImageOfPage\":{\"@id\":\"https:\\\/\\\/epeakstudio.com\\\/fr\\\/lieux-de-reunion\\\/#primaryimage\"},\"image\":{\"@id\":\"https:\\\/\\\/epeakstudio.com\\\/fr\\\/lieux-de-reunion\\\/#primaryimage\"},\"thumbnailUrl\":\"https:\\\/\\\/epeakstudio.com\\\/wp-content\\\/uploads\\\/2024\\\/03\\\/Leonardo-Royal-Hotel-St-Pauls.jpg\",\"datePublished\":\"2024-01-25T18:02:44+00:00\",\"dateModified\":\"2024-09-20T15:59:31+00:00\",\"description\":\"Choisir le bon lieu d'\u00e9v\u00e9nement peut s'av\u00e9rer difficile. Parcourez notre s\u00e9lection de lieux d'\u00e9v\u00e9nements et voyez comment ils peuvent s'adapter \u00e0 votre projet.\",\"breadcrumb\":{\"@id\":\"https:\\\/\\\/epeakstudio.com\\\/fr\\\/lieux-de-reunion\\\/#breadcrumb\"},\"inLanguage\":\"fr-FR\",\"potentialAction\":[{\"@type\":\"ReadAction\",\"target\":[\"https:\\\/\\\/epeakstudio.com\\\/fr\\\/lieux-de-reunion\\\/\"]}]},{\"@type\":\"ImageObject\",\"inLanguage\":\"fr-FR\",\"@id\":\"https:\\\/\\\/epeakstudio.com\\\/fr\\\/lieux-de-reunion\\\/#primaryimage\",\"url\":\"https:\\\/\\\/epeakstudio.com\\\/wp-content\\\/uploads\\\/2024\\\/03\\\/Leonardo-Royal-Hotel-St-Pauls.jpg\",\"contentUrl\":\"https:\\\/\\\/epeakstudio.com\\\/wp-content\\\/uploads\\\/2024\\\/03\\\/Leonardo-Royal-Hotel-St-Pauls.jpg\",\"width\":1920,\"height\":1080},{\"@type\":\"BreadcrumbList\",\"@id\":\"https:\\\/\\\/epeakstudio.com\\\/fr\\\/lieux-de-reunion\\\/#breadcrumb\",\"itemListElement\":[{\"@type\":\"ListItem\",\"position\":1,\"name\":\"Home\",\"item\":\"https:\\\/\\\/epeakstudio.com\\\/fr\\\/\"},{\"@type\":\"ListItem\",\"position\":2,\"name\":\"Lieux de r\u00e9union\"}]},{\"@type\":\"WebSite\",\"@id\":\"https:\\\/\\\/epeakstudio.com\\\/fr\\\/#website\",\"url\":\"https:\\\/\\\/epeakstudio.com\\\/fr\\\/\",\"name\":\"EPEAK Studio\",\"description\":\"Global 360 Event Agency - We Love Technology\",\"publisher\":{\"@id\":\"https:\\\/\\\/epeakstudio.com\\\/fr\\\/#organization\"},\"alternateName\":\"EPEAK\",\"potentialAction\":[{\"@type\":\"SearchAction\",\"target\":{\"@type\":\"EntryPoint\",\"urlTemplate\":\"https:\\\/\\\/epeakstudio.com\\\/fr\\\/?s={search_term_string}\"},\"query-input\":{\"@type\":\"PropertyValueSpecification\",\"valueRequired\":true,\"valueName\":\"search_term_string\"}}],\"inLanguage\":\"fr-FR\"},{\"@type\":\"Organization\",\"@id\":\"https:\\\/\\\/epeakstudio.com\\\/fr\\\/#organization\",\"name\":\"EPEAK Studio\",\"alternateName\":\"EPEAK\",\"url\":\"https:\\\/\\\/epeakstudio.com\\\/fr\\\/\",\"logo\":{\"@type\":\"ImageObject\",\"inLanguage\":\"fr-FR\",\"@id\":\"https:\\\/\\\/epeakstudio.com\\\/fr\\\/#\\\/schema\\\/logo\\\/image\\\/\",\"url\":\"https:\\\/\\\/epeakstudio.com\\\/wp-content\\\/uploads\\\/2020\\\/01\\\/Favicon-512px.png\",\"contentUrl\":\"https:\\\/\\\/epeakstudio.com\\\/wp-content\\\/uploads\\\/2020\\\/01\\\/Favicon-512px.png\",\"width\":512,\"height\":512,\"caption\":\"EPEAK Studio\"},\"image\":{\"@id\":\"https:\\\/\\\/epeakstudio.com\\\/fr\\\/#\\\/schema\\\/logo\\\/image\\\/\"},\"sameAs\":[\"https:\\\/\\\/www.linkedin.com\\\/company\\\/11373495\\\/\"]}]}<\/script>\n<!-- \/ Yoast SEO Premium plugin. -->","yoast_head_json":{"title":"Lieux de r\u00e9union - EPEAK Studio","description":"Choisir le bon lieu d'\u00e9v\u00e9nement peut s'av\u00e9rer difficile. Parcourez notre s\u00e9lection de lieux d'\u00e9v\u00e9nements et voyez comment ils peuvent s'adapter \u00e0 votre projet.","robots":{"index":"index","follow":"follow","max-snippet":"max-snippet:-1","max-image-preview":"max-image-preview:large","max-video-preview":"max-video-preview:-1"},"canonical":"https:\/\/epeakstudio.com\/fr\/lieux-de-reunion\/","og_locale":"fr_FR","og_type":"article","og_title":"Lieux de r\u00e9union","og_description":"Choisir le bon lieu d'\u00e9v\u00e9nement peut s'av\u00e9rer difficile. Parcourez notre s\u00e9lection de lieux d'\u00e9v\u00e9nements et voyez comment ils peuvent s'adapter \u00e0 votre projet.","og_url":"https:\/\/epeakstudio.com\/fr\/lieux-de-reunion\/","og_site_name":"EPEAK Studio","article_modified_time":"2024-09-20T15:59:31+00:00","og_image":[{"width":1920,"height":1080,"url":"https:\/\/epeakstudio.com\/wp-content\/uploads\/2024\/03\/Leonardo-Royal-Hotel-St-Pauls.jpg","type":"image\/jpeg"}],"twitter_card":"summary_large_image","schema":{"@context":"https:\/\/schema.org","@graph":[{"@type":"WebPage","@id":"https:\/\/epeakstudio.com\/fr\/lieux-de-reunion\/","url":"https:\/\/epeakstudio.com\/fr\/lieux-de-reunion\/","name":"Lieux de r\u00e9union - EPEAK Studio","isPartOf":{"@id":"https:\/\/epeakstudio.com\/fr\/#website"},"primaryImageOfPage":{"@id":"https:\/\/epeakstudio.com\/fr\/lieux-de-reunion\/#primaryimage"},"image":{"@id":"https:\/\/epeakstudio.com\/fr\/lieux-de-reunion\/#primaryimage"},"thumbnailUrl":"https:\/\/epeakstudio.com\/wp-content\/uploads\/2024\/03\/Leonardo-Royal-Hotel-St-Pauls.jpg","datePublished":"2024-01-25T18:02:44+00:00","dateModified":"2024-09-20T15:59:31+00:00","description":"Choisir le bon lieu d'\u00e9v\u00e9nement peut s'av\u00e9rer difficile. Parcourez notre s\u00e9lection de lieux d'\u00e9v\u00e9nements et voyez comment ils peuvent s'adapter \u00e0 votre projet.","breadcrumb":{"@id":"https:\/\/epeakstudio.com\/fr\/lieux-de-reunion\/#breadcrumb"},"inLanguage":"fr-FR","potentialAction":[{"@type":"ReadAction","target":["https:\/\/epeakstudio.com\/fr\/lieux-de-reunion\/"]}]},{"@type":"ImageObject","inLanguage":"fr-FR","@id":"https:\/\/epeakstudio.com\/fr\/lieux-de-reunion\/#primaryimage","url":"https:\/\/epeakstudio.com\/wp-content\/uploads\/2024\/03\/Leonardo-Royal-Hotel-St-Pauls.jpg","contentUrl":"https:\/\/epeakstudio.com\/wp-content\/uploads\/2024\/03\/Leonardo-Royal-Hotel-St-Pauls.jpg","width":1920,"height":1080},{"@type":"BreadcrumbList","@id":"https:\/\/epeakstudio.com\/fr\/lieux-de-reunion\/#breadcrumb","itemListElement":[{"@type":"ListItem","position":1,"name":"Home","item":"https:\/\/epeakstudio.com\/fr\/"},{"@type":"ListItem","position":2,"name":"Lieux de r\u00e9union"}]},{"@type":"WebSite","@id":"https:\/\/epeakstudio.com\/fr\/#website","url":"https:\/\/epeakstudio.com\/fr\/","name":"EPEAK Studio","description":"Global 360 Event Agency - We Love Technology","publisher":{"@id":"https:\/\/epeakstudio.com\/fr\/#organization"},"alternateName":"EPEAK","potentialAction":[{"@type":"SearchAction","target":{"@type":"EntryPoint","urlTemplate":"https:\/\/epeakstudio.com\/fr\/?s={search_term_string}"},"query-input":{"@type":"PropertyValueSpecification","valueRequired":true,"valueName":"search_term_string"}}],"inLanguage":"fr-FR"},{"@type":"Organization","@id":"https:\/\/epeakstudio.com\/fr\/#organization","name":"EPEAK Studio","alternateName":"EPEAK","url":"https:\/\/epeakstudio.com\/fr\/","logo":{"@type":"ImageObject","inLanguage":"fr-FR","@id":"https:\/\/epeakstudio.com\/fr\/#\/schema\/logo\/image\/","url":"https:\/\/epeakstudio.com\/wp-content\/uploads\/2020\/01\/Favicon-512px.png","contentUrl":"https:\/\/epeakstudio.com\/wp-content\/uploads\/2020\/01\/Favicon-512px.png","width":512,"height":512,"caption":"EPEAK Studio"},"image":{"@id":"https:\/\/epeakstudio.com\/fr\/#\/schema\/logo\/image\/"},"sameAs":["https:\/\/www.linkedin.com\/company\/11373495\/"]}]}},"_links":{"self":[{"href":"https:\/\/epeakstudio.com\/fr\/wp-json\/wp\/v2\/pages\/24236","targetHints":{"allow":["GET"]}}],"collection":[{"href":"https:\/\/epeakstudio.com\/fr\/wp-json\/wp\/v2\/pages"}],"about":[{"href":"https:\/\/epeakstudio.com\/fr\/wp-json\/wp\/v2\/types\/page"}],"author":[{"embeddable":true,"href":"https:\/\/epeakstudio.com\/fr\/wp-json\/wp\/v2\/users\/1"}],"replies":[{"embeddable":true,"href":"https:\/\/epeakstudio.com\/fr\/wp-json\/wp\/v2\/comments?post=24236"}],"version-history":[{"count":0,"href":"https:\/\/epeakstudio.com\/fr\/wp-json\/wp\/v2\/pages\/24236\/revisions"}],"wp:featuredmedia":[{"embeddable":true,"href":"https:\/\/epeakstudio.com\/fr\/wp-json\/wp\/v2\/media\/24241"}],"wp:attachment":[{"href":"https:\/\/epeakstudio.com\/fr\/wp-json\/wp\/v2\/media?parent=24236"}],"curies":[{"name":"wp","href":"https:\/\/api.w.org\/{rel}","templated":true}]}}